{"id":1915,"date":"2023-09-14T08:43:36","date_gmt":"2023-09-14T08:43:36","guid":{"rendered":"https:\/\/www.caidosdelcielo.org\/ong\/?page_id=1915"},"modified":"2023-09-14T08:57:13","modified_gmt":"2023-09-14T08:57:13","slug":"galeria","status":"publish","type":"page","link":"https:\/\/www.caidosdelcielo.org\/ong\/galeria\/","title":{"rendered":"Galeria"},"content":{"rendered":"<p>[et_pb_section fb_built=\u00bb1&#8243; _builder_version=\u00bb4.12.0&#8243; _module_preset=\u00bbdefault\u00bb global_colors_info=\u00bb{}\u00bb][et_pb_row _builder_version=\u00bb4.12.0&#8243; _module_preset=\u00bbdefault\u00bb global_colors_info=\u00bb{}\u00bb][et_pb_column type=\u00bb4_4&#8243; _builder_version=\u00bb4.12.0&#8243; _module_preset=\u00bbdefault\u00bb global_colors_info=\u00bb{}\u00bb][et_pb_text _builder_version=\u00bb4.12.0&#8243; _module_preset=\u00bbdefault\u00bb header_font=\u00bb|600|||||||\u00bb header_font_size=\u00bb45px\u00bb hover_enabled=\u00bb0&#8243; sticky_enabled=\u00bb0&#8243; header_font_size_last_edited=\u00bbon|phone\u00bb header_font_size_phone=\u00bb28px\u00bb header_font_size_tablet=\u00bb45px\u00bb]<\/p>\n<h1>Galeria Caidos del Cielo<\/h1>\n<p>[\/et_pb_text][et_pb_gallery gallery_ids=\u00bb1918,1919,1920,1921,1922,1923,1924,1925,1926,1927,1928,1929,1930,1931,1932,1933,1934&#8243; posts_number=\u00bb17&#8243; show_title_and_caption=\u00bboff\u00bb show_pagination=\u00bboff\u00bb _builder_version=\u00bb4.12.0&#8243; _module_preset=\u00bbdefault\u00bb global_colors_info=\u00bb{}\u00bb][\/et_pb_gallery][\/et_pb_column][\/et_pb_row][\/et_pb_section]<\/p>\n","protected":false},"excerpt":{"rendered":"<p>Galeria Caidos del Cielo<\/p>\n","protected":false},"author":2,"featured_media":0,"parent":0,"menu_order":0,"comment_status":"closed","ping_status":"closed","template":"","meta":{"_et_pb_use_builder":"on","_et_pb_old_content":"","_et_gb_content_width":"","footnotes":""},"class_list":["post-1915","page","type-page","status-publish","hentry"],"yoast_head":"<!-- This site is optimized with the Yoast SEO plugin v24.0 - https:\/\/yoast.com\/wordpress\/plugins\/seo\/ -->\n<title>Galeria | Ca\u00eddos del Cielo ONG<\/title>\n<meta name=\"robots\" content=\"index, follow, max-snippet:-1, max-image-preview:large, max-video-preview:-1\" \/>\n<link rel=\"canonical\" href=\"https:\/\/www.caidosdelcielo.org\/ong\/galeria\/\" \/>\n<meta property=\"og:locale\" content=\"es_ES\" \/>\n<meta property=\"og:type\" content=\"article\" \/>\n<meta property=\"og:title\" content=\"Galeria | Ca\u00eddos del Cielo ONG\" \/>\n<meta property=\"og:description\" content=\"Galeria Caidos del Cielo\" \/>\n<meta property=\"og:url\" content=\"https:\/\/www.caidosdelcielo.org\/ong\/galeria\/\" \/>\n<meta property=\"og:site_name\" content=\"Ca\u00eddos del Cielo ONG\" \/>\n<meta property=\"article:publisher\" content=\"https:\/\/es-la.facebook.com\/caidosdelcielo.ong\/\" \/>\n<meta property=\"article:modified_time\" content=\"2023-09-14T08:57:13+00:00\" \/>\n<meta property=\"og:image\" content=\"https:\/\/www.caidosdelcielo.org\/ong\/wp-content\/uploads\/2021\/11\/Jhon-con-paloma-se-ve-a-paloma-2.jpg\" \/>\n\t<meta property=\"og:image:width\" content=\"696\" \/>\n\t<meta property=\"og:image:height\" content=\"404\" \/>\n\t<meta property=\"og:image:type\" content=\"image\/jpeg\" \/>\n<meta name=\"twitter:card\" content=\"summary_large_image\" \/>\n<meta name=\"twitter:site\" content=\"@caidoscieloong\" \/>\n<meta name=\"twitter:label1\" content=\"Tiempo de lectura\" \/>\n\t<meta name=\"twitter:data1\" content=\"1 minuto\" \/>\n<script type=\"application\/ld+json\" class=\"yoast-schema-graph\">{\"@context\":\"https:\/\/schema.org\",\"@graph\":[{\"@type\":\"WebPage\",\"@id\":\"https:\/\/www.caidosdelcielo.org\/ong\/galeria\/\",\"url\":\"https:\/\/www.caidosdelcielo.org\/ong\/galeria\/\",\"name\":\"Galeria | Ca\u00eddos del Cielo ONG\",\"isPartOf\":{\"@id\":\"https:\/\/www.caidosdelcielo.org\/ong\/#website\"},\"datePublished\":\"2023-09-14T08:43:36+00:00\",\"dateModified\":\"2023-09-14T08:57:13+00:00\",\"breadcrumb\":{\"@id\":\"https:\/\/www.caidosdelcielo.org\/ong\/galeria\/#breadcrumb\"},\"inLanguage\":\"es\",\"potentialAction\":[{\"@type\":\"ReadAction\",\"target\":[\"https:\/\/www.caidosdelcielo.org\/ong\/galeria\/\"]}]},{\"@type\":\"BreadcrumbList\",\"@id\":\"https:\/\/www.caidosdelcielo.org\/ong\/galeria\/#breadcrumb\",\"itemListElement\":[{\"@type\":\"ListItem\",\"position\":1,\"name\":\"Portada\",\"item\":\"https:\/\/www.caidosdelcielo.org\/ong\/\"},{\"@type\":\"ListItem\",\"position\":2,\"name\":\"Galeria\"}]},{\"@type\":\"WebSite\",\"@id\":\"https:\/\/www.caidosdelcielo.org\/ong\/#website\",\"url\":\"https:\/\/www.caidosdelcielo.org\/ong\/\",\"name\":\"Ca\u00eddos del Cielo ONG\",\"description\":\"Nuestro objetivo es hacer del teatro una herramienta para la transformaci\u00f3n social y personal, que contribuya a combatir las barreras que dificultan la inclusi\u00f3n e integraci\u00f3n.\",\"publisher\":{\"@id\":\"https:\/\/www.caidosdelcielo.org\/ong\/#organization\"},\"potentialAction\":[{\"@type\":\"SearchAction\",\"target\":{\"@type\":\"EntryPoint\",\"urlTemplate\":\"https:\/\/www.caidosdelcielo.org\/ong\/?s={search_term_string}\"},\"query-input\":{\"@type\":\"PropertyValueSpecification\",\"valueRequired\":true,\"valueName\":\"search_term_string\"}}],\"inLanguage\":\"es\"},{\"@type\":\"Organization\",\"@id\":\"https:\/\/www.caidosdelcielo.org\/ong\/#organization\",\"name\":\"Ca\u00eddos del Cielo\",\"url\":\"https:\/\/www.caidosdelcielo.org\/ong\/\",\"logo\":{\"@type\":\"ImageObject\",\"inLanguage\":\"es\",\"@id\":\"https:\/\/www.caidosdelcielo.org\/ong\/#\/schema\/logo\/image\/\",\"url\":\"https:\/\/www.caidosdelcielo.org\/ong\/wp-content\/uploads\/2021\/12\/Cai_dos-del-Cielo-21-04.png\",\"contentUrl\":\"https:\/\/www.caidosdelcielo.org\/ong\/wp-content\/uploads\/2021\/12\/Cai_dos-del-Cielo-21-04.png\",\"width\":2399,\"height\":1363,\"caption\":\"Ca\u00eddos del Cielo\"},\"image\":{\"@id\":\"https:\/\/www.caidosdelcielo.org\/ong\/#\/schema\/logo\/image\/\"},\"sameAs\":[\"https:\/\/es-la.facebook.com\/caidosdelcielo.ong\/\",\"https:\/\/x.com\/caidoscieloong\",\"https:\/\/www.instagram.com\/caidosdelcieloong\/?hl=es\"]}]}<\/script>\n<!-- \/ Yoast SEO plugin. -->","yoast_head_json":{"title":"Galeria | Ca\u00eddos del Cielo ONG","robots":{"index":"index","follow":"follow","max-snippet":"max-snippet:-1","max-image-preview":"max-image-preview:large","max-video-preview":"max-video-preview:-1"},"canonical":"https:\/\/www.caidosdelcielo.org\/ong\/galeria\/","og_locale":"es_ES","og_type":"article","og_title":"Galeria | Ca\u00eddos del Cielo ONG","og_description":"Galeria Caidos del Cielo","og_url":"https:\/\/www.caidosdelcielo.org\/ong\/galeria\/","og_site_name":"Ca\u00eddos del Cielo ONG","article_publisher":"https:\/\/es-la.facebook.com\/caidosdelcielo.ong\/","article_modified_time":"2023-09-14T08:57:13+00:00","og_image":[{"width":696,"height":404,"url":"https:\/\/www.caidosdelcielo.org\/ong\/wp-content\/uploads\/2021\/11\/Jhon-con-paloma-se-ve-a-paloma-2.jpg","type":"image\/jpeg"}],"twitter_card":"summary_large_image","twitter_site":"@caidoscieloong","twitter_misc":{"Tiempo de lectura":"1 minuto"},"schema":{"@context":"https:\/\/schema.org","@graph":[{"@type":"WebPage","@id":"https:\/\/www.caidosdelcielo.org\/ong\/galeria\/","url":"https:\/\/www.caidosdelcielo.org\/ong\/galeria\/","name":"Galeria | Ca\u00eddos del Cielo ONG","isPartOf":{"@id":"https:\/\/www.caidosdelcielo.org\/ong\/#website"},"datePublished":"2023-09-14T08:43:36+00:00","dateModified":"2023-09-14T08:57:13+00:00","breadcrumb":{"@id":"https:\/\/www.caidosdelcielo.org\/ong\/galeria\/#breadcrumb"},"inLanguage":"es","potentialAction":[{"@type":"ReadAction","target":["https:\/\/www.caidosdelcielo.org\/ong\/galeria\/"]}]},{"@type":"BreadcrumbList","@id":"https:\/\/www.caidosdelcielo.org\/ong\/galeria\/#breadcrumb","itemListElement":[{"@type":"ListItem","position":1,"name":"Portada","item":"https:\/\/www.caidosdelcielo.org\/ong\/"},{"@type":"ListItem","position":2,"name":"Galeria"}]},{"@type":"WebSite","@id":"https:\/\/www.caidosdelcielo.org\/ong\/#website","url":"https:\/\/www.caidosdelcielo.org\/ong\/","name":"Ca\u00eddos del Cielo ONG","description":"Nuestro objetivo es hacer del teatro una herramienta para la transformaci\u00f3n social y personal, que contribuya a combatir las barreras que dificultan la inclusi\u00f3n e integraci\u00f3n.","publisher":{"@id":"https:\/\/www.caidosdelcielo.org\/ong\/#organization"},"potentialAction":[{"@type":"SearchAction","target":{"@type":"EntryPoint","urlTemplate":"https:\/\/www.caidosdelcielo.org\/ong\/?s={search_term_string}"},"query-input":{"@type":"PropertyValueSpecification","valueRequired":true,"valueName":"search_term_string"}}],"inLanguage":"es"},{"@type":"Organization","@id":"https:\/\/www.caidosdelcielo.org\/ong\/#organization","name":"Ca\u00eddos del Cielo","url":"https:\/\/www.caidosdelcielo.org\/ong\/","logo":{"@type":"ImageObject","inLanguage":"es","@id":"https:\/\/www.caidosdelcielo.org\/ong\/#\/schema\/logo\/image\/","url":"https:\/\/www.caidosdelcielo.org\/ong\/wp-content\/uploads\/2021\/12\/Cai_dos-del-Cielo-21-04.png","contentUrl":"https:\/\/www.caidosdelcielo.org\/ong\/wp-content\/uploads\/2021\/12\/Cai_dos-del-Cielo-21-04.png","width":2399,"height":1363,"caption":"Ca\u00eddos del Cielo"},"image":{"@id":"https:\/\/www.caidosdelcielo.org\/ong\/#\/schema\/logo\/image\/"},"sameAs":["https:\/\/es-la.facebook.com\/caidosdelcielo.ong\/","https:\/\/x.com\/caidoscieloong","https:\/\/www.instagram.com\/caidosdelcieloong\/?hl=es"]}]}},"_links":{"self":[{"href":"https:\/\/www.caidosdelcielo.org\/ong\/wp-json\/wp\/v2\/pages\/1915","targetHints":{"allow":["GET"]}}],"collection":[{"href":"https:\/\/www.caidosdelcielo.org\/ong\/wp-json\/wp\/v2\/pages"}],"about":[{"href":"https:\/\/www.caidosdelcielo.org\/ong\/wp-json\/wp\/v2\/types\/page"}],"author":[{"embeddable":true,"href":"https:\/\/www.caidosdelcielo.org\/ong\/wp-json\/wp\/v2\/users\/2"}],"replies":[{"embeddable":true,"href":"https:\/\/www.caidosdelcielo.org\/ong\/wp-json\/wp\/v2\/comments?post=1915"}],"version-history":[{"count":5,"href":"https:\/\/www.caidosdelcielo.org\/ong\/wp-json\/wp\/v2\/pages\/1915\/revisions"}],"predecessor-version":[{"id":1937,"href":"https:\/\/www.caidosdelcielo.org\/ong\/wp-json\/wp\/v2\/pages\/1915\/revisions\/1937"}],"wp:attachment":[{"href":"https:\/\/www.caidosdelcielo.org\/ong\/wp-json\/wp\/v2\/media?parent=1915"}],"curies":[{"name":"wp","href":"https:\/\/api.w.org\/{rel}","templated":true}]}}