{"id":45,"date":"2021-10-29T16:20:23","date_gmt":"2021-10-29T16:20:23","guid":{"rendered":"https:\/\/www.caidosdelcielo.org\/ong\/?page_id=45"},"modified":"2022-02-01T17:46:33","modified_gmt":"2022-02-01T17:46:33","slug":"premios-y-reconocimientos","status":"publish","type":"page","link":"https:\/\/www.caidosdelcielo.org\/ong\/premios-y-reconocimientos\/","title":{"rendered":"Premios y reconocimientos"},"content":{"rendered":"<p>[et_pb_section fb_built=\u00bb1&#8243; _builder_version=\u00bb4.12.0&#8243; _module_preset=\u00bbdefault\u00bb custom_padding=\u00bb||||false|false\u00bb scroll_vertical_motion=\u00bb0|70|70|100|3|0|-3&#8243; hover_enabled=\u00bb0&#8243; box_shadow_style=\u00bbpreset3&#8243; box_shadow_spread=\u00bb-22px\u00bb global_colors_info=\u00bb{}\u00bb sticky_enabled=\u00bb0&#8243;][et_pb_row _builder_version=\u00bb4.12.0&#8243; _module_preset=\u00bbdefault\u00bb custom_margin=\u00bb||||false|false\u00bb custom_margin_tablet=\u00bb150px||||false|false\u00bb custom_margin_phone=\u00bb100px||||false|false\u00bb custom_margin_last_edited=\u00bbon|phone\u00bb global_colors_info=\u00bb{}\u00bb][et_pb_column type=\u00bb4_4&#8243; _builder_version=\u00bb4.12.0&#8243; _module_preset=\u00bbdefault\u00bb global_colors_info=\u00bb{}\u00bb][et_pb_text _builder_version=\u00bb4.12.0&#8243; _module_preset=\u00bbdefault\u00bb header_font=\u00bbPoppins|600|||||||\u00bb header_text_align=\u00bbcenter\u00bb header_font_size=\u00bb45px\u00bb animation_style=\u00bbslide\u00bb animation_direction=\u00bbbottom\u00bb animation_duration=\u00bb1100ms\u00bb animation_intensity_slide=\u00bb25%\u00bb global_colors_info=\u00bb{}\u00bb]<\/p>\n<h1>Premios y reconocimientos<\/h1>\n<p>[\/et_pb_text][\/et_pb_column][\/et_pb_row][\/et_pb_section][et_pb_section fb_built=\u00bb1&#8243; specialty=\u00bbon\u00bb disabled_on=\u00bbon|on|off\u00bb _builder_version=\u00bb4.12.0&#8243; _module_preset=\u00bbdefault\u00bb custom_padding=\u00bb||200px|||\u00bb animation_style=\u00bbslide\u00bb animation_direction=\u00bbbottom\u00bb animation_duration=\u00bb1100ms\u00bb animation_intensity_slide=\u00bb25%\u00bb global_colors_info=\u00bb{}\u00bb][et_pb_column type=\u00bb1_4&#8243; _builder_version=\u00bb3.25&#8243; custom_padding=\u00bb|||\u00bb global_colors_info=\u00bb{}\u00bb custom_padding__hover=\u00bb|||\u00bb][et_pb_image src=\u00bbhttps:\/\/www.caidosdelcielo.org\/ong\/wp-content\/uploads\/2021\/11\/laurel-premio.png\u00bb title_text=\u00bblaurel premio\u00bb _builder_version=\u00bb4.12.0&#8243; _module_preset=\u00bbdefault\u00bb width=\u00bb70%\u00bb width_tablet=\u00bb70%\u00bb width_phone=\u00bb70%\u00bb width_last_edited=\u00bbon|tablet\u00bb custom_margin=\u00bb90px|||||\u00bb animation_style=\u00bbslide\u00bb animation_direction=\u00bbbottom\u00bb animation_duration=\u00bb1100ms\u00bb animation_intensity_slide=\u00bb30%\u00bb scroll_horizontal_motion_enable=\u00bbon\u00bb scroll_horizontal_motion=\u00bb0|50|50|100|-9|0|0.5&#8243; global_colors_info=\u00bb{}\u00bb][\/et_pb_image][\/et_pb_column][et_pb_column type=\u00bb1_2&#8243; specialty_columns=\u00bb2&#8243; _builder_version=\u00bb3.25&#8243; custom_padding=\u00bb|||\u00bb global_colors_info=\u00bb{}\u00bb custom_padding__hover=\u00bb|||\u00bb][et_pb_row_inner _builder_version=\u00bb4.12.0&#8243; _module_preset=\u00bbdefault\u00bb global_colors_info=\u00bb{}\u00bb][et_pb_column_inner saved_specialty_column_type=\u00bb1_2&#8243; _builder_version=\u00bb4.12.0&#8243; _module_preset=\u00bbdefault\u00bb global_colors_info=\u00bb{}\u00bb][et_pb_text _builder_version=\u00bb4.12.0&#8243; _module_preset=\u00bbdefault\u00bb text_font=\u00bbPoppins||||||||\u00bb link_font=\u00bb|300|||||||\u00bb link_text_color=\u00bb#0075BF\u00bb text_orientation=\u00bbcenter\u00bb global_colors_info=\u00bb{}\u00bb]<\/p>\n<p><strong>PREMIO TAL\u00cdA DE TEATRO<\/strong><\/p>\n<p><em><span style=\"font-weight: 400;\">Premio Tal\u00eda de Teatro, concedido por la UNESCO y el Instituto Internacional del Teatro por Ca\u00eddos del Cielo.<\/span><\/em><\/p>\n<p><strong>PREMIO DIONISOS<\/strong><\/p>\n<p><em><span style=\"font-weight: 400;\">Concedido por la UNESCO por Ca\u00eddos del Cielo. <\/span><span style=\"text-decoration: underline;\"><a href=\"https:\/\/academiadelasartesescenicas.es\/141-paloma-pedrero-premio-dionisos-de-la-unesco\/\" target=\"_blank\" rel=\"noopener\">Leer m\u00e1s&#8230;<\/a><\/span><\/em><\/p>\n<p><strong>SAMUR SOCIAL<\/strong><\/p>\n<p><em><span style=\"font-weight: 400;\">SAMUR Social por la labor llevada a cabo con las personas sin hogar.<\/span><\/em><\/p>\n<p><strong>MEJOR ESPECT\u00c1CULO<\/strong><\/p>\n<p><em><span style=\"font-weight: 400;\">Transformaci\u00f3n en el ranking de las diez mejores obras de teatro de El Cultural.<\/span><\/em><\/p>\n<p><strong>ART FOR CHANGE<\/strong><\/p>\n<p><em><span style=\"font-weight: 400;\">Art for Change, La Caixa por Una Guarida con luz.<\/span><\/em><\/p>\n<p><span style=\"font-weight: 400;\"><strong>VALLE-INCL\u00c1N DE TEATRO<\/strong> <\/span><\/p>\n<p><em><span style=\"font-weight: 400;\">2 nominaciones al Valle-Incl\u00e1n de Teatro por Ca\u00eddos del Cielo y la obra Magia Caf\u00e9.<\/span><\/em><\/p>\n<p><strong>PREMIO JULI\u00c1N BESTERIO<\/strong><\/p>\n<p><em><span style=\"font-weight: 400;\">Premio Juli\u00e1n Besteiro al Compromiso Teatral y a la trayectoria de Paloma Pedrero como escritora y dramaturga. <span style=\"text-decoration: underline;\"><a href=\"https:\/\/elcultural.com\/paloma-pedrero-premio-al-compromiso-teatral\" target=\"_blank\" rel=\"noopener\">Leer m\u00e1s<\/a><\/span><\/span><\/em><\/p>\n<p>[\/et_pb_text][\/et_pb_column_inner][\/et_pb_row_inner][\/et_pb_column][et_pb_column type=\u00bb1_4&#8243; _builder_version=\u00bb3.25&#8243; custom_padding=\u00bb|||\u00bb global_colors_info=\u00bb{}\u00bb custom_padding__hover=\u00bb|||\u00bb][et_pb_image src=\u00bbhttps:\/\/www.caidosdelcielo.org\/ong\/wp-content\/uploads\/2021\/11\/laurel-premio_dcha.png\u00bb title_text=\u00bblaurel premio_dcha\u00bb _builder_version=\u00bb4.12.0&#8243; _module_preset=\u00bbdefault\u00bb width=\u00bb70%\u00bb custom_margin=\u00bb90px|||||\u00bb animation_style=\u00bbslide\u00bb animation_direction=\u00bbbottom\u00bb animation_duration=\u00bb1100ms\u00bb animation_intensity_slide=\u00bb30%\u00bb scroll_horizontal_motion_enable=\u00bbon\u00bb scroll_horizontal_motion=\u00bb0|50|50|100|9|0|-0.5&#8243; global_colors_info=\u00bb{}\u00bb][\/et_pb_image][\/et_pb_column][\/et_pb_section][et_pb_section fb_built=\u00bb1&#8243; disabled_on=\u00bboff|off|on\u00bb _builder_version=\u00bb4.12.0&#8243; _module_preset=\u00bbdefault\u00bb global_colors_info=\u00bb{}\u00bb][et_pb_row _builder_version=\u00bb4.12.0&#8243; _module_preset=\u00bbdefault\u00bb animation_style=\u00bbslide\u00bb animation_direction=\u00bbbottom\u00bb animation_duration=\u00bb1100ms\u00bb animation_intensity_slide=\u00bb30%\u00bb global_colors_info=\u00bb{}\u00bb][et_pb_column type=\u00bb4_4&#8243; _builder_version=\u00bb4.12.0&#8243; _module_preset=\u00bbdefault\u00bb global_colors_info=\u00bb{}\u00bb][et_pb_image src=\u00bbhttps:\/\/www.caidosdelcielo.org\/ong\/wp-content\/uploads\/2021\/11\/laureles_moviles.png\u00bb title_text=\u00bblaureles_moviles\u00bb _builder_version=\u00bb4.12.0&#8243; _module_preset=\u00bbdefault\u00bb width=\u00bb15%\u00bb module_alignment=\u00bbcenter\u00bb global_colors_info=\u00bb{}\u00bb][\/et_pb_image][et_pb_text _builder_version=\u00bb4.12.0&#8243; _module_preset=\u00bbdefault\u00bb text_font=\u00bbPoppins||||||||\u00bb text_orientation=\u00bbcenter\u00bb animation_style=\u00bbslide\u00bb animation_direction=\u00bbbottom\u00bb animation_duration=\u00bb1100ms\u00bb animation_intensity_slide=\u00bb30%\u00bb global_colors_info=\u00bb{}\u00bb]<\/p>\n<p><strong>PREMIO TAL\u00cdA DE TEATRO<\/strong><\/p>\n<p><em><span style=\"font-weight: 400;\">Premio Tal\u00eda de Teatro, concedido por la UNESCO y el Instituto Internacional del Teatro por Ca\u00eddos del Cielo.<\/span><\/em><\/p>\n<p><strong>PREMIO DIONISOS<\/strong><\/p>\n<p><em><span style=\"font-weight: 400;\">Concedido por la UNESCO por Ca\u00eddos del Cielo.<\/span><\/em><\/p>\n<p><strong>SAMUR SOCIAL<\/strong><\/p>\n<p><em><span style=\"font-weight: 400;\">SAMUR Social por la labor llevada a cabo con las personas sin hogar.<\/span><\/em><\/p>\n<p><strong>MEJOR ESPECT\u00c1CULO<\/strong><\/p>\n<p><em><span style=\"font-weight: 400;\">Transformaci\u00f3n en el ranking de las diez mejores obras de teatro de El Cultural.<\/span><\/em><\/p>\n<p><strong>ART FOR CHANGE<\/strong><\/p>\n<p><em><span style=\"font-weight: 400;\">Art for Change, La Caixa por Una Guarida con luz.<\/span><\/em><\/p>\n<p><span style=\"font-weight: 400;\"><strong>VALLE-INCL\u00c1N DE TEATRO<\/strong> <\/span><\/p>\n<p><em><span style=\"font-weight: 400;\">2 nominaciones al Valle-Incl\u00e1n de Teatro por Ca\u00eddos del Cielo y la obra Magia Caf\u00e9.<\/span><\/em><\/p>\n<p><span style=\"font-weight: 400;\"><\/span><\/p>\n<p>[\/et_pb_text][\/et_pb_column][\/et_pb_row][\/et_pb_section]<\/p>\n","protected":false},"excerpt":{"rendered":"<p>Premios y reconocimientos PREMIO TAL\u00cdA DE TEATRO Premio Tal\u00eda de Teatro, concedido por la UNESCO y el Instituto Internacional del Teatro por Ca\u00eddos del Cielo. PREMIO DIONISOS Concedido por la UNESCO por Ca\u00eddos del Cielo. Leer m\u00e1s&#8230; SAMUR SOCIAL SAMUR Social por la labor llevada a cabo con las personas sin hogar. MEJOR ESPECT\u00c1CULO Transformaci\u00f3n [&hellip;]<\/p>\n","protected":false},"author":2,"featured_media":0,"parent":0,"menu_order":0,"comment_status":"closed","ping_status":"closed","template":"","meta":{"_et_pb_use_builder":"on","_et_pb_old_content":"","_et_gb_content_width":"","footnotes":""},"class_list":["post-45","page","type-page","status-publish","hentry"],"yoast_head":"<!-- This site is optimized with the Yoast SEO plugin v24.0 - https:\/\/yoast.com\/wordpress\/plugins\/seo\/ -->\n<title>Premios y reconocimientos | Ca\u00eddos del Cielo<\/title>\n<meta name=\"description\" content=\"Ca\u00eddos del Cielo ha sido premiado y reconocido con m\u00faltiples premios a lo largo de su trayectoria.\" \/>\n<meta name=\"robots\" content=\"index, follow, max-snippet:-1, max-image-preview:large, max-video-preview:-1\" \/>\n<link rel=\"canonical\" href=\"https:\/\/www.caidosdelcielo.org\/ong\/premios-y-reconocimientos\/\" \/>\n<meta property=\"og:locale\" content=\"es_ES\" \/>\n<meta property=\"og:type\" content=\"article\" \/>\n<meta property=\"og:title\" content=\"Premios y reconocimientos | Ca\u00eddos del Cielo\" \/>\n<meta property=\"og:description\" content=\"Ca\u00eddos del Cielo ha sido premiado y reconocido con m\u00faltiples premios a lo largo de su trayectoria.\" \/>\n<meta property=\"og:url\" content=\"https:\/\/www.caidosdelcielo.org\/ong\/premios-y-reconocimientos\/\" \/>\n<meta property=\"og:site_name\" content=\"Ca\u00eddos del Cielo ONG\" \/>\n<meta property=\"article:publisher\" content=\"https:\/\/es-la.facebook.com\/caidosdelcielo.ong\/\" \/>\n<meta property=\"article:modified_time\" content=\"2022-02-01T17:46:33+00:00\" \/>\n<meta property=\"og:image\" content=\"https:\/\/www.caidosdelcielo.org\/ong\/wp-content\/uploads\/2022\/01\/favicon.png\" \/>\n\t<meta property=\"og:image:width\" content=\"1654\" \/>\n\t<meta property=\"og:image:height\" content=\"1655\" \/>\n\t<meta property=\"og:image:type\" content=\"image\/png\" \/>\n<meta name=\"twitter:card\" content=\"summary_large_image\" \/>\n<meta name=\"twitter:description\" content=\"Ca\u00eddos del Cielo ha sido premiado y reconocido con m\u00faltiples premios a lo largo de su trayectoria.\" \/>\n<meta name=\"twitter:image\" content=\"https:\/\/www.caidosdelcielo.org\/ong\/wp-content\/uploads\/2022\/01\/favicon.png\" \/>\n<meta name=\"twitter:site\" content=\"@caidoscieloong\" \/>\n<meta name=\"twitter:label1\" content=\"Tiempo de lectura\" \/>\n\t<meta name=\"twitter:data1\" content=\"2 minutos\" \/>\n<script type=\"application\/ld+json\" class=\"yoast-schema-graph\">{\"@context\":\"https:\/\/schema.org\",\"@graph\":[{\"@type\":\"WebPage\",\"@id\":\"https:\/\/www.caidosdelcielo.org\/ong\/premios-y-reconocimientos\/\",\"url\":\"https:\/\/www.caidosdelcielo.org\/ong\/premios-y-reconocimientos\/\",\"name\":\"Premios y reconocimientos | Ca\u00eddos del Cielo\",\"isPartOf\":{\"@id\":\"https:\/\/www.caidosdelcielo.org\/ong\/#website\"},\"datePublished\":\"2021-10-29T16:20:23+00:00\",\"dateModified\":\"2022-02-01T17:46:33+00:00\",\"description\":\"Ca\u00eddos del Cielo ha sido premiado y reconocido con m\u00faltiples premios a lo largo de su trayectoria.\",\"breadcrumb\":{\"@id\":\"https:\/\/www.caidosdelcielo.org\/ong\/premios-y-reconocimientos\/#breadcrumb\"},\"inLanguage\":\"es\",\"potentialAction\":[{\"@type\":\"ReadAction\",\"target\":[\"https:\/\/www.caidosdelcielo.org\/ong\/premios-y-reconocimientos\/\"]}]},{\"@type\":\"BreadcrumbList\",\"@id\":\"https:\/\/www.caidosdelcielo.org\/ong\/premios-y-reconocimientos\/#breadcrumb\",\"itemListElement\":[{\"@type\":\"ListItem\",\"position\":1,\"name\":\"Portada\",\"item\":\"https:\/\/www.caidosdelcielo.org\/ong\/\"},{\"@type\":\"ListItem\",\"position\":2,\"name\":\"Premios y reconocimientos\"}]},{\"@type\":\"WebSite\",\"@id\":\"https:\/\/www.caidosdelcielo.org\/ong\/#website\",\"url\":\"https:\/\/www.caidosdelcielo.org\/ong\/\",\"name\":\"Ca\u00eddos del Cielo ONG\",\"description\":\"Nuestro objetivo es hacer del teatro una herramienta para la transformaci\u00f3n social y personal, que contribuya a combatir las barreras que dificultan la inclusi\u00f3n e integraci\u00f3n.\",\"publisher\":{\"@id\":\"https:\/\/www.caidosdelcielo.org\/ong\/#organization\"},\"potentialAction\":[{\"@type\":\"SearchAction\",\"target\":{\"@type\":\"EntryPoint\",\"urlTemplate\":\"https:\/\/www.caidosdelcielo.org\/ong\/?s={search_term_string}\"},\"query-input\":{\"@type\":\"PropertyValueSpecification\",\"valueRequired\":true,\"valueName\":\"search_term_string\"}}],\"inLanguage\":\"es\"},{\"@type\":\"Organization\",\"@id\":\"https:\/\/www.caidosdelcielo.org\/ong\/#organization\",\"name\":\"Ca\u00eddos del Cielo\",\"url\":\"https:\/\/www.caidosdelcielo.org\/ong\/\",\"logo\":{\"@type\":\"ImageObject\",\"inLanguage\":\"es\",\"@id\":\"https:\/\/www.caidosdelcielo.org\/ong\/#\/schema\/logo\/image\/\",\"url\":\"https:\/\/www.caidosdelcielo.org\/ong\/wp-content\/uploads\/2021\/12\/Cai_dos-del-Cielo-21-04.png\",\"contentUrl\":\"https:\/\/www.caidosdelcielo.org\/ong\/wp-content\/uploads\/2021\/12\/Cai_dos-del-Cielo-21-04.png\",\"width\":2399,\"height\":1363,\"caption\":\"Ca\u00eddos del Cielo\"},\"image\":{\"@id\":\"https:\/\/www.caidosdelcielo.org\/ong\/#\/schema\/logo\/image\/\"},\"sameAs\":[\"https:\/\/es-la.facebook.com\/caidosdelcielo.ong\/\",\"https:\/\/x.com\/caidoscieloong\",\"https:\/\/www.instagram.com\/caidosdelcieloong\/?hl=es\"]}]}<\/script>\n<!-- \/ Yoast SEO plugin. -->","yoast_head_json":{"title":"Premios y reconocimientos | Ca\u00eddos del Cielo","description":"Ca\u00eddos del Cielo ha sido premiado y reconocido con m\u00faltiples premios a lo largo de su trayectoria.","robots":{"index":"index","follow":"follow","max-snippet":"max-snippet:-1","max-image-preview":"max-image-preview:large","max-video-preview":"max-video-preview:-1"},"canonical":"https:\/\/www.caidosdelcielo.org\/ong\/premios-y-reconocimientos\/","og_locale":"es_ES","og_type":"article","og_title":"Premios y reconocimientos | Ca\u00eddos del Cielo","og_description":"Ca\u00eddos del Cielo ha sido premiado y reconocido con m\u00faltiples premios a lo largo de su trayectoria.","og_url":"https:\/\/www.caidosdelcielo.org\/ong\/premios-y-reconocimientos\/","og_site_name":"Ca\u00eddos del Cielo ONG","article_publisher":"https:\/\/es-la.facebook.com\/caidosdelcielo.ong\/","article_modified_time":"2022-02-01T17:46:33+00:00","og_image":[{"width":1654,"height":1655,"url":"https:\/\/www.caidosdelcielo.org\/ong\/wp-content\/uploads\/2022\/01\/favicon.png","type":"image\/png"}],"twitter_card":"summary_large_image","twitter_description":"Ca\u00eddos del Cielo ha sido premiado y reconocido con m\u00faltiples premios a lo largo de su trayectoria.","twitter_image":"https:\/\/www.caidosdelcielo.org\/ong\/wp-content\/uploads\/2022\/01\/favicon.png","twitter_site":"@caidoscieloong","twitter_misc":{"Tiempo de lectura":"2 minutos"},"schema":{"@context":"https:\/\/schema.org","@graph":[{"@type":"WebPage","@id":"https:\/\/www.caidosdelcielo.org\/ong\/premios-y-reconocimientos\/","url":"https:\/\/www.caidosdelcielo.org\/ong\/premios-y-reconocimientos\/","name":"Premios y reconocimientos | Ca\u00eddos del Cielo","isPartOf":{"@id":"https:\/\/www.caidosdelcielo.org\/ong\/#website"},"datePublished":"2021-10-29T16:20:23+00:00","dateModified":"2022-02-01T17:46:33+00:00","description":"Ca\u00eddos del Cielo ha sido premiado y reconocido con m\u00faltiples premios a lo largo de su trayectoria.","breadcrumb":{"@id":"https:\/\/www.caidosdelcielo.org\/ong\/premios-y-reconocimientos\/#breadcrumb"},"inLanguage":"es","potentialAction":[{"@type":"ReadAction","target":["https:\/\/www.caidosdelcielo.org\/ong\/premios-y-reconocimientos\/"]}]},{"@type":"BreadcrumbList","@id":"https:\/\/www.caidosdelcielo.org\/ong\/premios-y-reconocimientos\/#breadcrumb","itemListElement":[{"@type":"ListItem","position":1,"name":"Portada","item":"https:\/\/www.caidosdelcielo.org\/ong\/"},{"@type":"ListItem","position":2,"name":"Premios y reconocimientos"}]},{"@type":"WebSite","@id":"https:\/\/www.caidosdelcielo.org\/ong\/#website","url":"https:\/\/www.caidosdelcielo.org\/ong\/","name":"Ca\u00eddos del Cielo ONG","description":"Nuestro objetivo es hacer del teatro una herramienta para la transformaci\u00f3n social y personal, que contribuya a combatir las barreras que dificultan la inclusi\u00f3n e integraci\u00f3n.","publisher":{"@id":"https:\/\/www.caidosdelcielo.org\/ong\/#organization"},"potentialAction":[{"@type":"SearchAction","target":{"@type":"EntryPoint","urlTemplate":"https:\/\/www.caidosdelcielo.org\/ong\/?s={search_term_string}"},"query-input":{"@type":"PropertyValueSpecification","valueRequired":true,"valueName":"search_term_string"}}],"inLanguage":"es"},{"@type":"Organization","@id":"https:\/\/www.caidosdelcielo.org\/ong\/#organization","name":"Ca\u00eddos del Cielo","url":"https:\/\/www.caidosdelcielo.org\/ong\/","logo":{"@type":"ImageObject","inLanguage":"es","@id":"https:\/\/www.caidosdelcielo.org\/ong\/#\/schema\/logo\/image\/","url":"https:\/\/www.caidosdelcielo.org\/ong\/wp-content\/uploads\/2021\/12\/Cai_dos-del-Cielo-21-04.png","contentUrl":"https:\/\/www.caidosdelcielo.org\/ong\/wp-content\/uploads\/2021\/12\/Cai_dos-del-Cielo-21-04.png","width":2399,"height":1363,"caption":"Ca\u00eddos del Cielo"},"image":{"@id":"https:\/\/www.caidosdelcielo.org\/ong\/#\/schema\/logo\/image\/"},"sameAs":["https:\/\/es-la.facebook.com\/caidosdelcielo.ong\/","https:\/\/x.com\/caidoscieloong","https:\/\/www.instagram.com\/caidosdelcieloong\/?hl=es"]}]}},"_links":{"self":[{"href":"https:\/\/www.caidosdelcielo.org\/ong\/wp-json\/wp\/v2\/pages\/45","targetHints":{"allow":["GET"]}}],"collection":[{"href":"https:\/\/www.caidosdelcielo.org\/ong\/wp-json\/wp\/v2\/pages"}],"about":[{"href":"https:\/\/www.caidosdelcielo.org\/ong\/wp-json\/wp\/v2\/types\/page"}],"author":[{"embeddable":true,"href":"https:\/\/www.caidosdelcielo.org\/ong\/wp-json\/wp\/v2\/users\/2"}],"replies":[{"embeddable":true,"href":"https:\/\/www.caidosdelcielo.org\/ong\/wp-json\/wp\/v2\/comments?post=45"}],"version-history":[{"count":30,"href":"https:\/\/www.caidosdelcielo.org\/ong\/wp-json\/wp\/v2\/pages\/45\/revisions"}],"predecessor-version":[{"id":1711,"href":"https:\/\/www.caidosdelcielo.org\/ong\/wp-json\/wp\/v2\/pages\/45\/revisions\/1711"}],"wp:attachment":[{"href":"https:\/\/www.caidosdelcielo.org\/ong\/wp-json\/wp\/v2\/media?parent=45"}],"curies":[{"name":"wp","href":"https:\/\/api.w.org\/{rel}","templated":true}]}}