{"id":49,"date":"2021-10-29T16:21:01","date_gmt":"2021-10-29T16:21:01","guid":{"rendered":"https:\/\/www.caidosdelcielo.org\/ong\/?page_id=49"},"modified":"2022-02-01T17:50:20","modified_gmt":"2022-02-01T17:50:20","slug":"transparencia","status":"publish","type":"page","link":"https:\/\/www.caidosdelcielo.org\/ong\/transparencia\/","title":{"rendered":"Transparencia"},"content":{"rendered":"<p>[et_pb_section fb_built=\u00bb1&#8243; _builder_version=\u00bb4.12.0&#8243; _module_preset=\u00bbdefault\u00bb animation_style=\u00bbslide\u00bb animation_direction=\u00bbbottom\u00bb animation_duration=\u00bb1100ms\u00bb animation_intensity_slide=\u00bb30%\u00bb scroll_vertical_motion=\u00bb0|70|70|100|3|0|-3&#8243; hover_enabled=\u00bb0&#8243; box_shadow_style=\u00bbpreset3&#8243; global_colors_info=\u00bb{}\u00bb sticky_enabled=\u00bb0&#8243; box_shadow_spread=\u00bb-22px\u00bb][et_pb_row _builder_version=\u00bb4.12.0&#8243; _module_preset=\u00bbdefault\u00bb custom_margin=\u00bb||||false|false\u00bb custom_margin_tablet=\u00bb150px||||false|false\u00bb custom_margin_phone=\u00bb100px||||false|false\u00bb custom_margin_last_edited=\u00bbon|phone\u00bb hover_enabled=\u00bb0&#8243; global_colors_info=\u00bb{}\u00bb sticky_enabled=\u00bb0&#8243;][et_pb_column type=\u00bb4_4&#8243; _builder_version=\u00bb4.12.0&#8243; _module_preset=\u00bbdefault\u00bb global_colors_info=\u00bb{}\u00bb][et_pb_text _builder_version=\u00bb4.12.0&#8243; _module_preset=\u00bbdefault\u00bb header_font=\u00bbPoppins|600|||||||\u00bb header_font_size=\u00bb45px\u00bb header_2_font=\u00bb|600|||||||\u00bb hover_enabled=\u00bb0&#8243; global_colors_info=\u00bb{}\u00bb sticky_enabled=\u00bb0&#8243;]<\/p>\n<h1>Transparencia<\/h1>\n<p>[\/et_pb_text][\/et_pb_column][\/et_pb_row][\/et_pb_section][et_pb_section fb_built=\u00bb1&#8243; _builder_version=\u00bb4.12.0&#8243; _module_preset=\u00bbdefault\u00bb custom_padding=\u00bb||||false|false\u00bb hover_enabled=\u00bb0&#8243; global_colors_info=\u00bb{}\u00bb sticky_enabled=\u00bb0&#8243;][et_pb_row _builder_version=\u00bb4.12.0&#8243; _module_preset=\u00bbdefault\u00bb animation_style=\u00bbslide\u00bb animation_direction=\u00bbbottom\u00bb animation_duration=\u00bb1100ms\u00bb animation_intensity_slide=\u00bb25%\u00bb hover_enabled=\u00bb0&#8243; global_colors_info=\u00bb{}\u00bb sticky_enabled=\u00bb0&#8243;][et_pb_column type=\u00bb4_4&#8243; _builder_version=\u00bb4.12.0&#8243; _module_preset=\u00bbdefault\u00bb global_colors_info=\u00bb{}\u00bb][et_pb_text _builder_version=\u00bb4.12.0&#8243; _module_preset=\u00bbdefault\u00bb text_font=\u00bbPoppins||||||||\u00bb global_colors_info=\u00bb{}\u00bb]<\/p>\n<p><span style=\"font-weight: 400;\">La transparencia, la rendici\u00f3n de cuentas y la confianza son valores estrat\u00e9gicos de nuestra identidad y son aspectos esenciales en el funcionamiento de una entidad no lucrativa.<\/span><\/p>\n<p><span style=\"font-weight: 400;\">Nos regimos por un c\u00f3digo \u00e9tico que establece los criterios b\u00e1sicos, principios y valores que rijan el comportamiento \u00e9tico de todas las personas que conforman la Asociaci\u00f3n Ca\u00eddos del cielo. En este c\u00f3digo se incluyen los valores que sostienen nuestro proyecto tales como la confianza, el respeto, la conciencia social, la diversidad y participaci\u00f3n, la inclusi\u00f3n y el arte como motor de afectividad.&nbsp;&nbsp;&nbsp;<\/span><\/p>\n<p><span style=\"font-weight: 400;\">Entre nuestros principios se encuentran la importancia de nuestros destinatarios: los ca\u00eddos del cielo son los protagonistas de nuestra misi\u00f3n. Conocemos nuestras obligaciones y las cumplimos, siendo responsables, honestos y honrados, trabajando con integridad y honestidad. Trabajamos en equipo, tenemos empat\u00eda, independencia pol\u00edtica y responsabilidad social pues a trav\u00e9s de nuestro esfuerzo y trabajo, utilizando el teatro como herramienta de cambio social, ayudamos a transformar la sociedad.<\/span><\/p>\n<p><span style=\"font-weight: 400;\">Somos una organizaci\u00f3n muy cercana a nuestros colaboradores y nos comprometemos a proporcionar informaci\u00f3n y resultados obtenidos a las personas e instituciones que hagan aportaciones sobre la actividad. Consideramos que esta rendici\u00f3n de cuentas es un derecho fundamental de nuestros donantes y financiadores, que han destinado sus fondos al trabajo de Ca\u00eddos del Cielo.<\/span><\/p>\n<p>[\/et_pb_text][\/et_pb_column][\/et_pb_row][et_pb_row module_class=\u00bbbotonsalta\u00bb _builder_version=\u00bb4.12.0&#8243; _module_preset=\u00bbdefault\u00bb global_colors_info=\u00bb{}\u00bb][et_pb_column type=\u00bb4_4&#8243; _builder_version=\u00bb4.12.0&#8243; _module_preset=\u00bbdefault\u00bb global_colors_info=\u00bb{}\u00bb][et_pb_button button_url=\u00bbhttps:\/\/www.caidosdelcielo.org\/ong\/wp-content\/uploads\/2021\/11\/Dossier-Caidos-del-Cielo-2021-.pdf\u00bb url_new_window=\u00bbon\u00bb button_text=\u00bbVer dossier\u00bb _builder_version=\u00bb4.12.0&#8243; _module_preset=\u00bbdefault\u00bb custom_button=\u00bbon\u00bb button_text_size=\u00bb15px\u00bb button_text_color=\u00bb#FFFFFF\u00bb button_bg_color=\u00bb#0075BF\u00bb button_border_width=\u00bb0px\u00bb button_font=\u00bbPoppins|||on|||||\u00bb button_use_icon=\u00bboff\u00bb custom_padding=\u00bb15px|25px|15px|25px|true|true\u00bb animation_style=\u00bbzoom\u00bb animation_intensity_zoom=\u00bb30%\u00bb global_colors_info=\u00bb{}\u00bb][\/et_pb_button][\/et_pb_column][\/et_pb_row][\/et_pb_section][et_pb_section fb_built=\u00bb1&#8243; _builder_version=\u00bb4.12.0&#8243; _module_preset=\u00bbdefault\u00bb background_color=\u00bb#0075BF\u00bb global_colors_info=\u00bb{}\u00bb locked=\u00bboff\u00bb][et_pb_row _builder_version=\u00bb4.12.0&#8243; _module_preset=\u00bbdefault\u00bb global_colors_info=\u00bb{}\u00bb][et_pb_column type=\u00bb4_4&#8243; _builder_version=\u00bb4.12.0&#8243; _module_preset=\u00bbdefault\u00bb global_colors_info=\u00bb{}\u00bb][et_pb_text _builder_version=\u00bb4.12.0&#8243; _module_preset=\u00bbdefault\u00bb header_2_font=\u00bbPoppins||||||||\u00bb header_2_text_align=\u00bbcenter\u00bb header_2_text_color=\u00bb#FFFFFF\u00bb header_2_font_size=\u00bb45px\u00bb global_colors_info=\u00bb{}\u00bb]<\/p>\n<h2>\u00bfQuieres colaborar con nosotr@s?<\/h2>\n<p>[\/et_pb_text][et_pb_text _builder_version=\u00bb4.12.0&#8243; _module_preset=\u00bbdefault\u00bb text_text_color=\u00bb#FFFFFF\u00bb text_font_size=\u00bb18px\u00bb link_text_color=\u00bb#FFFFFF\u00bb text_orientation=\u00bbcenter\u00bb custom_padding=\u00bb10px|20px|10px|20px|true|true\u00bb global_colors_info=\u00bb{}\u00bb button_text_color__hover=\u00bb#0075BF\u00bb button_text_color__hover_enabled=\u00bbon|desktop\u00bb button_bg_color__hover=\u00bb#FFFFFF\u00bb button_bg_color__hover_enabled=\u00bbon|hover\u00bb]<\/p>\n<p>Si quieres colaborar con nosotr@s puedes hacerte soci@<a href=\"mailto:seci@,\">,<\/a> donar puntualmente o ayudarnos de otras formas. No dudes en contactar con nosotras.<\/p>\n<p>[\/et_pb_text][et_pb_button button_url=\u00bb@ET-DC@eyJkeW5hbWljIjp0cnVlLCJjb250ZW50IjoicG9zdF9saW5rX3VybF9wYWdlIiwic2V0dGluZ3MiOnsicG9zdF9pZCI6Ijg5OSJ9fQ==@\u00bb button_text=\u00bbSaber m\u00e1s\u00bb button_alignment=\u00bbcenter\u00bb _builder_version=\u00bb4.12.0&#8243; _dynamic_attributes=\u00bbbutton_url\u00bb _module_preset=\u00bbdefault\u00bb custom_button=\u00bbon\u00bb button_text_size=\u00bb15px\u00bb button_text_color=\u00bb#0075BF\u00bb button_bg_color=\u00bb#FFFFFF\u00bb button_border_width=\u00bb0px\u00bb button_border_color=\u00bb#0075BF\u00bb button_font=\u00bbPoppins|||on|||||\u00bb button_use_icon=\u00bboff\u00bb custom_padding=\u00bb10px|20px|10px|20px|true|true\u00bb global_colors_info=\u00bb{}\u00bb button_text_color__hover=\u00bb#FFFFFF\u00bb button_text_color__hover_enabled=\u00bbon|desktop\u00bb button_bg_color__hover=\u00bbrgba(255,255,255,0.08)\u00bb button_bg_color__hover_enabled=\u00bbon|hover\u00bb button_bg_enable_color__hover=\u00bbon\u00bb][\/et_pb_button][\/et_pb_column][\/et_pb_row][\/et_pb_section]<\/p>\n","protected":false},"excerpt":{"rendered":"<p>Transparencia La transparencia, la rendici\u00f3n de cuentas y la confianza son valores estrat\u00e9gicos de nuestra identidad y son aspectos esenciales en el funcionamiento de una entidad no lucrativa. Nos regimos por un c\u00f3digo \u00e9tico que establece los criterios b\u00e1sicos, principios y valores que rijan el comportamiento \u00e9tico de todas las personas que conforman la Asociaci\u00f3n [&hellip;]<\/p>\n","protected":false},"author":2,"featured_media":0,"parent":0,"menu_order":0,"comment_status":"closed","ping_status":"closed","template":"","meta":{"_et_pb_use_builder":"on","_et_pb_old_content":"","_et_gb_content_width":"","footnotes":""},"class_list":["post-49","page","type-page","status-publish","hentry"],"yoast_head":"<!-- This site is optimized with the Yoast SEO plugin v24.0 - https:\/\/yoast.com\/wordpress\/plugins\/seo\/ -->\n<title>Transparencia | Ca\u00eddos del Cielo ONG<\/title>\n<meta name=\"description\" content=\"La transparencia, la rendici\u00f3n de cuentas y la confianza son valores estrat\u00e9gicos de nuestra identidad y en nuestro funcionamiento.\" \/>\n<meta name=\"robots\" content=\"index, follow, max-snippet:-1, max-image-preview:large, max-video-preview:-1\" \/>\n<link rel=\"canonical\" href=\"https:\/\/www.caidosdelcielo.org\/ong\/transparencia\/\" \/>\n<meta property=\"og:locale\" content=\"es_ES\" \/>\n<meta property=\"og:type\" content=\"article\" \/>\n<meta property=\"og:title\" content=\"Transparencia\" \/>\n<meta property=\"og:description\" content=\"La transparencia, la rendici\u00f3n de cuentas y la confianza son valores estrat\u00e9gicos de nuestra identidad y en nuestro funcionamiento.\" \/>\n<meta property=\"og:url\" content=\"https:\/\/www.caidosdelcielo.org\/ong\/transparencia\/\" \/>\n<meta property=\"og:site_name\" content=\"Ca\u00eddos del Cielo ONG\" \/>\n<meta property=\"article:publisher\" content=\"https:\/\/es-la.facebook.com\/caidosdelcielo.ong\/\" \/>\n<meta property=\"article:modified_time\" content=\"2022-02-01T17:50:20+00:00\" \/>\n<meta property=\"og:image\" content=\"https:\/\/www.caidosdelcielo.org\/ong\/wp-content\/uploads\/2022\/01\/59610130_1296004277224311_4185973962469015552_n.jpg\" \/>\n\t<meta property=\"og:image:width\" content=\"1620\" \/>\n\t<meta property=\"og:image:height\" content=\"1080\" \/>\n\t<meta property=\"og:image:type\" content=\"image\/jpeg\" \/>\n<meta name=\"twitter:card\" content=\"summary_large_image\" \/>\n<meta name=\"twitter:title\" content=\"Transparencia\" \/>\n<meta name=\"twitter:description\" content=\"La transparencia, la rendici\u00f3n de cuentas y la confianza son valores estrat\u00e9gicos de nuestra identidad y en nuestro funcionamiento.\" \/>\n<meta name=\"twitter:image\" content=\"https:\/\/www.caidosdelcielo.org\/ong\/wp-content\/uploads\/2022\/01\/59610130_1296004277224311_4185973962469015552_n.jpg\" \/>\n<meta name=\"twitter:site\" content=\"@caidoscieloong\" \/>\n<meta name=\"twitter:label1\" content=\"Tiempo de lectura\" \/>\n\t<meta name=\"twitter:data1\" content=\"2 minutos\" \/>\n<script type=\"application\/ld+json\" class=\"yoast-schema-graph\">{\"@context\":\"https:\/\/schema.org\",\"@graph\":[{\"@type\":\"WebPage\",\"@id\":\"https:\/\/www.caidosdelcielo.org\/ong\/transparencia\/\",\"url\":\"https:\/\/www.caidosdelcielo.org\/ong\/transparencia\/\",\"name\":\"Transparencia | Ca\u00eddos del Cielo ONG\",\"isPartOf\":{\"@id\":\"https:\/\/www.caidosdelcielo.org\/ong\/#website\"},\"datePublished\":\"2021-10-29T16:21:01+00:00\",\"dateModified\":\"2022-02-01T17:50:20+00:00\",\"description\":\"La transparencia, la rendici\u00f3n de cuentas y la confianza son valores estrat\u00e9gicos de nuestra identidad y en nuestro funcionamiento.\",\"breadcrumb\":{\"@id\":\"https:\/\/www.caidosdelcielo.org\/ong\/transparencia\/#breadcrumb\"},\"inLanguage\":\"es\",\"potentialAction\":[{\"@type\":\"ReadAction\",\"target\":[\"https:\/\/www.caidosdelcielo.org\/ong\/transparencia\/\"]}]},{\"@type\":\"BreadcrumbList\",\"@id\":\"https:\/\/www.caidosdelcielo.org\/ong\/transparencia\/#breadcrumb\",\"itemListElement\":[{\"@type\":\"ListItem\",\"position\":1,\"name\":\"Portada\",\"item\":\"https:\/\/www.caidosdelcielo.org\/ong\/\"},{\"@type\":\"ListItem\",\"position\":2,\"name\":\"Transparencia\"}]},{\"@type\":\"WebSite\",\"@id\":\"https:\/\/www.caidosdelcielo.org\/ong\/#website\",\"url\":\"https:\/\/www.caidosdelcielo.org\/ong\/\",\"name\":\"Ca\u00eddos del Cielo ONG\",\"description\":\"Nuestro objetivo es hacer del teatro una herramienta para la transformaci\u00f3n social y personal, que contribuya a combatir las barreras que dificultan la inclusi\u00f3n e integraci\u00f3n.\",\"publisher\":{\"@id\":\"https:\/\/www.caidosdelcielo.org\/ong\/#organization\"},\"potentialAction\":[{\"@type\":\"SearchAction\",\"target\":{\"@type\":\"EntryPoint\",\"urlTemplate\":\"https:\/\/www.caidosdelcielo.org\/ong\/?s={search_term_string}\"},\"query-input\":{\"@type\":\"PropertyValueSpecification\",\"valueRequired\":true,\"valueName\":\"search_term_string\"}}],\"inLanguage\":\"es\"},{\"@type\":\"Organization\",\"@id\":\"https:\/\/www.caidosdelcielo.org\/ong\/#organization\",\"name\":\"Ca\u00eddos del Cielo\",\"url\":\"https:\/\/www.caidosdelcielo.org\/ong\/\",\"logo\":{\"@type\":\"ImageObject\",\"inLanguage\":\"es\",\"@id\":\"https:\/\/www.caidosdelcielo.org\/ong\/#\/schema\/logo\/image\/\",\"url\":\"https:\/\/www.caidosdelcielo.org\/ong\/wp-content\/uploads\/2021\/12\/Cai_dos-del-Cielo-21-04.png\",\"contentUrl\":\"https:\/\/www.caidosdelcielo.org\/ong\/wp-content\/uploads\/2021\/12\/Cai_dos-del-Cielo-21-04.png\",\"width\":2399,\"height\":1363,\"caption\":\"Ca\u00eddos del Cielo\"},\"image\":{\"@id\":\"https:\/\/www.caidosdelcielo.org\/ong\/#\/schema\/logo\/image\/\"},\"sameAs\":[\"https:\/\/es-la.facebook.com\/caidosdelcielo.ong\/\",\"https:\/\/x.com\/caidoscieloong\",\"https:\/\/www.instagram.com\/caidosdelcieloong\/?hl=es\"]}]}<\/script>\n<!-- \/ Yoast SEO plugin. -->","yoast_head_json":{"title":"Transparencia | Ca\u00eddos del Cielo ONG","description":"La transparencia, la rendici\u00f3n de cuentas y la confianza son valores estrat\u00e9gicos de nuestra identidad y en nuestro funcionamiento.","robots":{"index":"index","follow":"follow","max-snippet":"max-snippet:-1","max-image-preview":"max-image-preview:large","max-video-preview":"max-video-preview:-1"},"canonical":"https:\/\/www.caidosdelcielo.org\/ong\/transparencia\/","og_locale":"es_ES","og_type":"article","og_title":"Transparencia","og_description":"La transparencia, la rendici\u00f3n de cuentas y la confianza son valores estrat\u00e9gicos de nuestra identidad y en nuestro funcionamiento.","og_url":"https:\/\/www.caidosdelcielo.org\/ong\/transparencia\/","og_site_name":"Ca\u00eddos del Cielo ONG","article_publisher":"https:\/\/es-la.facebook.com\/caidosdelcielo.ong\/","article_modified_time":"2022-02-01T17:50:20+00:00","og_image":[{"width":1620,"height":1080,"url":"https:\/\/www.caidosdelcielo.org\/ong\/wp-content\/uploads\/2022\/01\/59610130_1296004277224311_4185973962469015552_n.jpg","type":"image\/jpeg"}],"twitter_card":"summary_large_image","twitter_title":"Transparencia","twitter_description":"La transparencia, la rendici\u00f3n de cuentas y la confianza son valores estrat\u00e9gicos de nuestra identidad y en nuestro funcionamiento.","twitter_image":"https:\/\/www.caidosdelcielo.org\/ong\/wp-content\/uploads\/2022\/01\/59610130_1296004277224311_4185973962469015552_n.jpg","twitter_site":"@caidoscieloong","twitter_misc":{"Tiempo de lectura":"2 minutos"},"schema":{"@context":"https:\/\/schema.org","@graph":[{"@type":"WebPage","@id":"https:\/\/www.caidosdelcielo.org\/ong\/transparencia\/","url":"https:\/\/www.caidosdelcielo.org\/ong\/transparencia\/","name":"Transparencia | Ca\u00eddos del Cielo ONG","isPartOf":{"@id":"https:\/\/www.caidosdelcielo.org\/ong\/#website"},"datePublished":"2021-10-29T16:21:01+00:00","dateModified":"2022-02-01T17:50:20+00:00","description":"La transparencia, la rendici\u00f3n de cuentas y la confianza son valores estrat\u00e9gicos de nuestra identidad y en nuestro funcionamiento.","breadcrumb":{"@id":"https:\/\/www.caidosdelcielo.org\/ong\/transparencia\/#breadcrumb"},"inLanguage":"es","potentialAction":[{"@type":"ReadAction","target":["https:\/\/www.caidosdelcielo.org\/ong\/transparencia\/"]}]},{"@type":"BreadcrumbList","@id":"https:\/\/www.caidosdelcielo.org\/ong\/transparencia\/#breadcrumb","itemListElement":[{"@type":"ListItem","position":1,"name":"Portada","item":"https:\/\/www.caidosdelcielo.org\/ong\/"},{"@type":"ListItem","position":2,"name":"Transparencia"}]},{"@type":"WebSite","@id":"https:\/\/www.caidosdelcielo.org\/ong\/#website","url":"https:\/\/www.caidosdelcielo.org\/ong\/","name":"Ca\u00eddos del Cielo ONG","description":"Nuestro objetivo es hacer del teatro una herramienta para la transformaci\u00f3n social y personal, que contribuya a combatir las barreras que dificultan la inclusi\u00f3n e integraci\u00f3n.","publisher":{"@id":"https:\/\/www.caidosdelcielo.org\/ong\/#organization"},"potentialAction":[{"@type":"SearchAction","target":{"@type":"EntryPoint","urlTemplate":"https:\/\/www.caidosdelcielo.org\/ong\/?s={search_term_string}"},"query-input":{"@type":"PropertyValueSpecification","valueRequired":true,"valueName":"search_term_string"}}],"inLanguage":"es"},{"@type":"Organization","@id":"https:\/\/www.caidosdelcielo.org\/ong\/#organization","name":"Ca\u00eddos del Cielo","url":"https:\/\/www.caidosdelcielo.org\/ong\/","logo":{"@type":"ImageObject","inLanguage":"es","@id":"https:\/\/www.caidosdelcielo.org\/ong\/#\/schema\/logo\/image\/","url":"https:\/\/www.caidosdelcielo.org\/ong\/wp-content\/uploads\/2021\/12\/Cai_dos-del-Cielo-21-04.png","contentUrl":"https:\/\/www.caidosdelcielo.org\/ong\/wp-content\/uploads\/2021\/12\/Cai_dos-del-Cielo-21-04.png","width":2399,"height":1363,"caption":"Ca\u00eddos del Cielo"},"image":{"@id":"https:\/\/www.caidosdelcielo.org\/ong\/#\/schema\/logo\/image\/"},"sameAs":["https:\/\/es-la.facebook.com\/caidosdelcielo.ong\/","https:\/\/x.com\/caidoscieloong","https:\/\/www.instagram.com\/caidosdelcieloong\/?hl=es"]}]}},"_links":{"self":[{"href":"https:\/\/www.caidosdelcielo.org\/ong\/wp-json\/wp\/v2\/pages\/49","targetHints":{"allow":["GET"]}}],"collection":[{"href":"https:\/\/www.caidosdelcielo.org\/ong\/wp-json\/wp\/v2\/pages"}],"about":[{"href":"https:\/\/www.caidosdelcielo.org\/ong\/wp-json\/wp\/v2\/types\/page"}],"author":[{"embeddable":true,"href":"https:\/\/www.caidosdelcielo.org\/ong\/wp-json\/wp\/v2\/users\/2"}],"replies":[{"embeddable":true,"href":"https:\/\/www.caidosdelcielo.org\/ong\/wp-json\/wp\/v2\/comments?post=49"}],"version-history":[{"count":11,"href":"https:\/\/www.caidosdelcielo.org\/ong\/wp-json\/wp\/v2\/pages\/49\/revisions"}],"predecessor-version":[{"id":1713,"href":"https:\/\/www.caidosdelcielo.org\/ong\/wp-json\/wp\/v2\/pages\/49\/revisions\/1713"}],"wp:attachment":[{"href":"https:\/\/www.caidosdelcielo.org\/ong\/wp-json\/wp\/v2\/media?parent=49"}],"curies":[{"name":"wp","href":"https:\/\/api.w.org\/{rel}","templated":true}]}}