{"id":901,"date":"2021-11-05T16:25:10","date_gmt":"2021-11-05T16:25:10","guid":{"rendered":"https:\/\/www.caidosdelcielo.org\/ong\/?page_id=901"},"modified":"2023-09-14T09:37:01","modified_gmt":"2023-09-14T09:37:01","slug":"blog","status":"publish","type":"page","link":"https:\/\/www.caidosdelcielo.org\/ong\/blog\/","title":{"rendered":"Blog\/Noticias"},"content":{"rendered":"<p>[et_pb_section fb_built=\u00bb1&#8243; _builder_version=\u00bb4.12.0&#8243; _module_preset=\u00bbdefault\u00bb global_colors_info=\u00bb{}\u00bb][et_pb_row column_structure=\u00bb3_4,1_4&#8243; _builder_version=\u00bb4.12.0&#8243; _module_preset=\u00bbdefault\u00bb global_colors_info=\u00bb{}\u00bb][et_pb_column type=\u00bb3_4&#8243; _builder_version=\u00bb4.12.0&#8243; _module_preset=\u00bbdefault\u00bb global_colors_info=\u00bb{}\u00bb][et_pb_text _builder_version=\u00bb4.12.0&#8243; _module_preset=\u00bbdefault\u00bb header_font=\u00bbPoppins|600|||||||\u00bb header_font_size=\u00bb45px\u00bb header_font_size_tablet=\u00bb28px\u00bb header_font_size_phone=\u00bb26px\u00bb header_font_size_last_edited=\u00bbon|phone\u00bb global_colors_info=\u00bb{}\u00bb]<\/p>\n<h1>Blog<\/h1>\n<p>[\/et_pb_text][et_pb_blog show_author=\u00bboff\u00bb _builder_version=\u00bb4.12.0&#8243; _module_preset=\u00bbdefault\u00bb hover_enabled=\u00bb0&#8243; global_colors_info=\u00bb{}\u00bb meta_text_color=\u00bb#0075BF\u00bb sticky_enabled=\u00bb0&#8243;][\/et_pb_blog][\/et_pb_column][et_pb_column type=\u00bb1_4&#8243; _builder_version=\u00bb4.12.0&#8243; _module_preset=\u00bbdefault\u00bb global_colors_info=\u00bb{}\u00bb][et_pb_sidebar orientation=\u00bbright\u00bb _builder_version=\u00bb4.12.0&#8243; _module_preset=\u00bbdefault\u00bb global_colors_info=\u00bb{}\u00bb][\/et_pb_sidebar][\/et_pb_column][\/et_pb_row][\/et_pb_section]<\/p>\n","protected":false},"excerpt":{"rendered":"<p>Blog<\/p>\n","protected":false},"author":2,"featured_media":0,"parent":0,"menu_order":0,"comment_status":"closed","ping_status":"closed","template":"","meta":{"_et_pb_use_builder":"on","_et_pb_old_content":"<!-- wp:divi\/placeholder \/-->","_et_gb_content_width":"","footnotes":""},"class_list":["post-901","page","type-page","status-publish","hentry"],"yoast_head":"<!-- This site is optimized with the Yoast SEO plugin v24.0 - https:\/\/yoast.com\/wordpress\/plugins\/seo\/ -->\n<title>Blog\/Noticias | Ca\u00eddos del Cielo ONG<\/title>\n<meta name=\"robots\" content=\"index, follow, max-snippet:-1, max-image-preview:large, max-video-preview:-1\" \/>\n<link rel=\"canonical\" href=\"https:\/\/www.caidosdelcielo.org\/ong\/blog\/\" \/>\n<meta property=\"og:locale\" content=\"es_ES\" \/>\n<meta property=\"og:type\" content=\"article\" \/>\n<meta property=\"og:title\" content=\"Blog\/Noticias | Ca\u00eddos del Cielo ONG\" \/>\n<meta property=\"og:description\" content=\"Blog\" \/>\n<meta property=\"og:url\" content=\"https:\/\/www.caidosdelcielo.org\/ong\/blog\/\" \/>\n<meta property=\"og:site_name\" content=\"Ca\u00eddos del Cielo ONG\" \/>\n<meta property=\"article:publisher\" content=\"https:\/\/es-la.facebook.com\/caidosdelcielo.ong\/\" \/>\n<meta property=\"article:modified_time\" content=\"2023-09-14T09:37:01+00:00\" \/>\n<meta property=\"og:image\" content=\"https:\/\/www.caidosdelcielo.org\/ong\/wp-content\/uploads\/2021\/11\/Jhon-con-paloma-se-ve-a-paloma-2.jpg\" \/>\n\t<meta property=\"og:image:width\" content=\"696\" \/>\n\t<meta property=\"og:image:height\" content=\"404\" \/>\n\t<meta property=\"og:image:type\" content=\"image\/jpeg\" \/>\n<meta name=\"twitter:card\" content=\"summary_large_image\" \/>\n<meta name=\"twitter:site\" content=\"@caidoscieloong\" \/>\n<meta name=\"twitter:label1\" content=\"Tiempo de lectura\" \/>\n\t<meta name=\"twitter:data1\" content=\"1 minuto\" \/>\n<script type=\"application\/ld+json\" class=\"yoast-schema-graph\">{\"@context\":\"https:\/\/schema.org\",\"@graph\":[{\"@type\":\"WebPage\",\"@id\":\"https:\/\/www.caidosdelcielo.org\/ong\/blog\/\",\"url\":\"https:\/\/www.caidosdelcielo.org\/ong\/blog\/\",\"name\":\"Blog\/Noticias | Ca\u00eddos del Cielo ONG\",\"isPartOf\":{\"@id\":\"https:\/\/www.caidosdelcielo.org\/ong\/#website\"},\"datePublished\":\"2021-11-05T16:25:10+00:00\",\"dateModified\":\"2023-09-14T09:37:01+00:00\",\"breadcrumb\":{\"@id\":\"https:\/\/www.caidosdelcielo.org\/ong\/blog\/#breadcrumb\"},\"inLanguage\":\"es\",\"potentialAction\":[{\"@type\":\"ReadAction\",\"target\":[\"https:\/\/www.caidosdelcielo.org\/ong\/blog\/\"]}]},{\"@type\":\"BreadcrumbList\",\"@id\":\"https:\/\/www.caidosdelcielo.org\/ong\/blog\/#breadcrumb\",\"itemListElement\":[{\"@type\":\"ListItem\",\"position\":1,\"name\":\"Portada\",\"item\":\"https:\/\/www.caidosdelcielo.org\/ong\/\"},{\"@type\":\"ListItem\",\"position\":2,\"name\":\"Blog\/Noticias\"}]},{\"@type\":\"WebSite\",\"@id\":\"https:\/\/www.caidosdelcielo.org\/ong\/#website\",\"url\":\"https:\/\/www.caidosdelcielo.org\/ong\/\",\"name\":\"Ca\u00eddos del Cielo ONG\",\"description\":\"Nuestro objetivo es hacer del teatro una herramienta para la transformaci\u00f3n social y personal, que contribuya a combatir las barreras que dificultan la inclusi\u00f3n e integraci\u00f3n.\",\"publisher\":{\"@id\":\"https:\/\/www.caidosdelcielo.org\/ong\/#organization\"},\"potentialAction\":[{\"@type\":\"SearchAction\",\"target\":{\"@type\":\"EntryPoint\",\"urlTemplate\":\"https:\/\/www.caidosdelcielo.org\/ong\/?s={search_term_string}\"},\"query-input\":{\"@type\":\"PropertyValueSpecification\",\"valueRequired\":true,\"valueName\":\"search_term_string\"}}],\"inLanguage\":\"es\"},{\"@type\":\"Organization\",\"@id\":\"https:\/\/www.caidosdelcielo.org\/ong\/#organization\",\"name\":\"Ca\u00eddos del Cielo\",\"url\":\"https:\/\/www.caidosdelcielo.org\/ong\/\",\"logo\":{\"@type\":\"ImageObject\",\"inLanguage\":\"es\",\"@id\":\"https:\/\/www.caidosdelcielo.org\/ong\/#\/schema\/logo\/image\/\",\"url\":\"https:\/\/www.caidosdelcielo.org\/ong\/wp-content\/uploads\/2021\/12\/Cai_dos-del-Cielo-21-04.png\",\"contentUrl\":\"https:\/\/www.caidosdelcielo.org\/ong\/wp-content\/uploads\/2021\/12\/Cai_dos-del-Cielo-21-04.png\",\"width\":2399,\"height\":1363,\"caption\":\"Ca\u00eddos del Cielo\"},\"image\":{\"@id\":\"https:\/\/www.caidosdelcielo.org\/ong\/#\/schema\/logo\/image\/\"},\"sameAs\":[\"https:\/\/es-la.facebook.com\/caidosdelcielo.ong\/\",\"https:\/\/x.com\/caidoscieloong\",\"https:\/\/www.instagram.com\/caidosdelcieloong\/?hl=es\"]}]}<\/script>\n<!-- \/ Yoast SEO plugin. -->","yoast_head_json":{"title":"Blog\/Noticias | Ca\u00eddos del Cielo ONG","robots":{"index":"index","follow":"follow","max-snippet":"max-snippet:-1","max-image-preview":"max-image-preview:large","max-video-preview":"max-video-preview:-1"},"canonical":"https:\/\/www.caidosdelcielo.org\/ong\/blog\/","og_locale":"es_ES","og_type":"article","og_title":"Blog\/Noticias | Ca\u00eddos del Cielo ONG","og_description":"Blog","og_url":"https:\/\/www.caidosdelcielo.org\/ong\/blog\/","og_site_name":"Ca\u00eddos del Cielo ONG","article_publisher":"https:\/\/es-la.facebook.com\/caidosdelcielo.ong\/","article_modified_time":"2023-09-14T09:37:01+00:00","og_image":[{"width":696,"height":404,"url":"https:\/\/www.caidosdelcielo.org\/ong\/wp-content\/uploads\/2021\/11\/Jhon-con-paloma-se-ve-a-paloma-2.jpg","type":"image\/jpeg"}],"twitter_card":"summary_large_image","twitter_site":"@caidoscieloong","twitter_misc":{"Tiempo de lectura":"1 minuto"},"schema":{"@context":"https:\/\/schema.org","@graph":[{"@type":"WebPage","@id":"https:\/\/www.caidosdelcielo.org\/ong\/blog\/","url":"https:\/\/www.caidosdelcielo.org\/ong\/blog\/","name":"Blog\/Noticias | Ca\u00eddos del Cielo ONG","isPartOf":{"@id":"https:\/\/www.caidosdelcielo.org\/ong\/#website"},"datePublished":"2021-11-05T16:25:10+00:00","dateModified":"2023-09-14T09:37:01+00:00","breadcrumb":{"@id":"https:\/\/www.caidosdelcielo.org\/ong\/blog\/#breadcrumb"},"inLanguage":"es","potentialAction":[{"@type":"ReadAction","target":["https:\/\/www.caidosdelcielo.org\/ong\/blog\/"]}]},{"@type":"BreadcrumbList","@id":"https:\/\/www.caidosdelcielo.org\/ong\/blog\/#breadcrumb","itemListElement":[{"@type":"ListItem","position":1,"name":"Portada","item":"https:\/\/www.caidosdelcielo.org\/ong\/"},{"@type":"ListItem","position":2,"name":"Blog\/Noticias"}]},{"@type":"WebSite","@id":"https:\/\/www.caidosdelcielo.org\/ong\/#website","url":"https:\/\/www.caidosdelcielo.org\/ong\/","name":"Ca\u00eddos del Cielo ONG","description":"Nuestro objetivo es hacer del teatro una herramienta para la transformaci\u00f3n social y personal, que contribuya a combatir las barreras que dificultan la inclusi\u00f3n e integraci\u00f3n.","publisher":{"@id":"https:\/\/www.caidosdelcielo.org\/ong\/#organization"},"potentialAction":[{"@type":"SearchAction","target":{"@type":"EntryPoint","urlTemplate":"https:\/\/www.caidosdelcielo.org\/ong\/?s={search_term_string}"},"query-input":{"@type":"PropertyValueSpecification","valueRequired":true,"valueName":"search_term_string"}}],"inLanguage":"es"},{"@type":"Organization","@id":"https:\/\/www.caidosdelcielo.org\/ong\/#organization","name":"Ca\u00eddos del Cielo","url":"https:\/\/www.caidosdelcielo.org\/ong\/","logo":{"@type":"ImageObject","inLanguage":"es","@id":"https:\/\/www.caidosdelcielo.org\/ong\/#\/schema\/logo\/image\/","url":"https:\/\/www.caidosdelcielo.org\/ong\/wp-content\/uploads\/2021\/12\/Cai_dos-del-Cielo-21-04.png","contentUrl":"https:\/\/www.caidosdelcielo.org\/ong\/wp-content\/uploads\/2021\/12\/Cai_dos-del-Cielo-21-04.png","width":2399,"height":1363,"caption":"Ca\u00eddos del Cielo"},"image":{"@id":"https:\/\/www.caidosdelcielo.org\/ong\/#\/schema\/logo\/image\/"},"sameAs":["https:\/\/es-la.facebook.com\/caidosdelcielo.ong\/","https:\/\/x.com\/caidoscieloong","https:\/\/www.instagram.com\/caidosdelcieloong\/?hl=es"]}]}},"_links":{"self":[{"href":"https:\/\/www.caidosdelcielo.org\/ong\/wp-json\/wp\/v2\/pages\/901","targetHints":{"allow":["GET"]}}],"collection":[{"href":"https:\/\/www.caidosdelcielo.org\/ong\/wp-json\/wp\/v2\/pages"}],"about":[{"href":"https:\/\/www.caidosdelcielo.org\/ong\/wp-json\/wp\/v2\/types\/page"}],"author":[{"embeddable":true,"href":"https:\/\/www.caidosdelcielo.org\/ong\/wp-json\/wp\/v2\/users\/2"}],"replies":[{"embeddable":true,"href":"https:\/\/www.caidosdelcielo.org\/ong\/wp-json\/wp\/v2\/comments?post=901"}],"version-history":[{"count":8,"href":"https:\/\/www.caidosdelcielo.org\/ong\/wp-json\/wp\/v2\/pages\/901\/revisions"}],"predecessor-version":[{"id":1952,"href":"https:\/\/www.caidosdelcielo.org\/ong\/wp-json\/wp\/v2\/pages\/901\/revisions\/1952"}],"wp:attachment":[{"href":"https:\/\/www.caidosdelcielo.org\/ong\/wp-json\/wp\/v2\/media?parent=901"}],"curies":[{"name":"wp","href":"https:\/\/api.w.org\/{rel}","templated":true}]}}