{"id":907,"date":"2021-11-05T16:25:48","date_gmt":"2021-11-05T16:25:48","guid":{"rendered":"https:\/\/www.caidosdelcielo.org\/ong\/?page_id=907"},"modified":"2022-02-01T18:05:50","modified_gmt":"2022-02-01T18:05:50","slug":"alianzas","status":"publish","type":"page","link":"https:\/\/www.caidosdelcielo.org\/ong\/alianzas\/","title":{"rendered":"Alianzas"},"content":{"rendered":"<p>[et_pb_section fb_built=\u00bb1&#8243; _builder_version=\u00bb4.12.0&#8243; _module_preset=\u00bbdefault\u00bb custom_padding=\u00bb||||false|false\u00bb box_shadow_style=\u00bbpreset3&#8243; box_shadow_spread=\u00bb-22px\u00bb global_colors_info=\u00bb{}\u00bb][et_pb_row _builder_version=\u00bb4.12.0&#8243; _module_preset=\u00bbdefault\u00bb global_colors_info=\u00bb{}\u00bb][et_pb_column type=\u00bb4_4&#8243; _builder_version=\u00bb4.12.0&#8243; _module_preset=\u00bbdefault\u00bb global_colors_info=\u00bb{}\u00bb][et_pb_text _builder_version=\u00bb4.12.0&#8243; _module_preset=\u00bbdefault\u00bb header_font=\u00bbPoppins|600|||||||\u00bb header_font_size=\u00bb45px\u00bb custom_padding_tablet=\u00bb\u00bb custom_padding_phone=\u00bb\u00bb custom_padding_last_edited=\u00bbon|phone\u00bb header_font_size_tablet=\u00bb30px\u00bb header_font_size_phone=\u00bb26px\u00bb header_font_size_last_edited=\u00bbon|phone\u00bb global_colors_info=\u00bb{}\u00bb header_font_size__hover_enabled=\u00bboff|hover\u00bb]<\/p>\n<h1>Alianzas<\/h1>\n<p>[\/et_pb_text][\/et_pb_column][\/et_pb_row][\/et_pb_section][et_pb_section fb_built=\u00bb1&#8243; _builder_version=\u00bb4.12.0&#8243; _module_preset=\u00bbdefault\u00bb global_colors_info=\u00bb{}\u00bb][et_pb_row column_structure=\u00bb1_5,1_5,1_5,1_5,1_5&#8243; use_custom_gutter=\u00bbon\u00bb make_equal=\u00bbon\u00bb _builder_version=\u00bb4.12.0&#8243; _module_preset=\u00bbdefault\u00bb width_tablet=\u00bb60%\u00bb width_phone=\u00bb60%\u00bb width_last_edited=\u00bbon|phone\u00bb global_colors_info=\u00bb{}\u00bb][et_pb_column type=\u00bb1_5&#8243; _builder_version=\u00bb4.12.0&#8243; _module_preset=\u00bbdefault\u00bb global_colors_info=\u00bb{}\u00bb][et_pb_image src=\u00bbhttps:\/\/www.caidosdelcielo.org\/ong\/wp-content\/uploads\/2021\/11\/escudo-ministerio-1.gif\u00bb title_text=\u00bbescudo-ministerio (1)\u00bb align=\u00bbcenter\u00bb _builder_version=\u00bb4.12.0&#8243; _module_preset=\u00bbdefault\u00bb custom_margin=\u00bb40px||||false|false\u00bb custom_margin_tablet=\u00bb0px||||false|false\u00bb custom_margin_phone=\u00bb0px||||false|false\u00bb custom_margin_last_edited=\u00bbon|desktop\u00bb global_colors_info=\u00bb{}\u00bb][\/et_pb_image][\/et_pb_column][et_pb_column type=\u00bb1_5&#8243; _builder_version=\u00bb4.12.0&#8243; _module_preset=\u00bbdefault\u00bb global_colors_info=\u00bb{}\u00bb][et_pb_image src=\u00bbhttps:\/\/www.caidosdelcielo.org\/ong\/wp-content\/uploads\/2021\/11\/Logotipo_del_Gobierno_de_la_Comunidad_de_Madrid.svg_.png\u00bb title_text=\u00bbLogotipo_del_Gobierno_de_la_Comunidad_de_Madrid.svg\u00bb align=\u00bbcenter\u00bb _builder_version=\u00bb4.12.0&#8243; _module_preset=\u00bbdefault\u00bb width=\u00bb50%\u00bb global_colors_info=\u00bb{}\u00bb][\/et_pb_image][\/et_pb_column][et_pb_column type=\u00bb1_5&#8243; _builder_version=\u00bb4.12.0&#8243; _module_preset=\u00bbdefault\u00bb global_colors_info=\u00bb{}\u00bb][et_pb_image src=\u00bbhttps:\/\/www.caidosdelcielo.org\/ong\/wp-content\/uploads\/2021\/11\/ayoto-de-madird-750&#215;304-1.png\u00bb title_text=\u00bbayoto de madird 750&#215;304 (1)\u00bb align=\u00bbcenter\u00bb _builder_version=\u00bb4.12.0&#8243; _module_preset=\u00bbdefault\u00bb width=\u00bb120%\u00bb global_colors_info=\u00bb{}\u00bb][\/et_pb_image][\/et_pb_column][et_pb_column type=\u00bb1_5&#8243; _builder_version=\u00bb4.12.0&#8243; _module_preset=\u00bbdefault\u00bb global_colors_info=\u00bb{}\u00bb][et_pb_image src=\u00bbhttps:\/\/www.caidosdelcielo.org\/ong\/wp-content\/uploads\/2021\/11\/ciudad-linal-distrito.png\u00bb title_text=\u00bbciudad linal distrito\u00bb align=\u00bbcenter\u00bb _builder_version=\u00bb4.12.0&#8243; _module_preset=\u00bbdefault\u00bb width=\u00bb50%\u00bb global_colors_info=\u00bb{}\u00bb][\/et_pb_image][\/et_pb_column][et_pb_column type=\u00bb1_5&#8243; _builder_version=\u00bb4.12.0&#8243; _module_preset=\u00bbdefault\u00bb global_colors_info=\u00bb{}\u00bb][et_pb_image src=\u00bbhttps:\/\/www.caidosdelcielo.org\/ong\/wp-content\/uploads\/2021\/11\/Obra-Social-La-Caixa-300&#215;127-1.jpg\u00bb title_text=\u00bbObra-Social-La-Caixa-300&#215;127 (1)\u00bb align=\u00bbcenter\u00bb _builder_version=\u00bb4.12.0&#8243; _module_preset=\u00bbdefault\u00bb width=\u00bb130%\u00bb width_tablet=\u00bb100%\u00bb width_phone=\u00bb100%\u00bb width_last_edited=\u00bbon|tablet\u00bb global_colors_info=\u00bb{}\u00bb][\/et_pb_image][\/et_pb_column][\/et_pb_row][et_pb_row column_structure=\u00bb1_5,1_5,1_5,1_5,1_5&#8243; use_custom_gutter=\u00bbon\u00bb gutter_width=\u00bb4&#8243; _builder_version=\u00bb4.12.0&#8243; _module_preset=\u00bbdefault\u00bb width_tablet=\u00bb60%\u00bb width_phone=\u00bb60%\u00bb width_last_edited=\u00bbon|tablet\u00bb global_colors_info=\u00bb{}\u00bb][et_pb_column type=\u00bb1_5&#8243; _builder_version=\u00bb4.12.0&#8243; _module_preset=\u00bbdefault\u00bb global_colors_info=\u00bb{}\u00bb][et_pb_image src=\u00bbhttps:\/\/www.caidosdelcielo.org\/ong\/wp-content\/uploads\/2022\/01\/cocacola.png\u00bb title_text=\u00bbcocacola\u00bb align=\u00bbcenter\u00bb _builder_version=\u00bb4.12.0&#8243; _module_preset=\u00bbdefault\u00bb global_colors_info=\u00bb{}\u00bb][\/et_pb_image][\/et_pb_column][et_pb_column type=\u00bb1_5&#8243; _builder_version=\u00bb4.12.0&#8243; _module_preset=\u00bbdefault\u00bb global_colors_info=\u00bb{}\u00bb][et_pb_image src=\u00bbhttps:\/\/www.caidosdelcielo.org\/ong\/wp-content\/uploads\/2021\/11\/CRUZ-ROJA-VERTICAL-ALTA-scaled.jpg\u00bb title_text=\u00bbCRUZ ROJA VERTICAL ALTA\u00bb align=\u00bbcenter\u00bb _builder_version=\u00bb4.12.0&#8243; _module_preset=\u00bbdefault\u00bb width=\u00bb60%\u00bb global_colors_info=\u00bb{}\u00bb][\/et_pb_image][\/et_pb_column][et_pb_column type=\u00bb1_5&#8243; _builder_version=\u00bb4.12.0&#8243; _module_preset=\u00bbdefault\u00bb global_colors_info=\u00bb{}\u00bb][et_pb_image src=\u00bbhttps:\/\/www.caidosdelcielo.org\/ong\/wp-content\/uploads\/2021\/11\/logofernangomez.jpg\u00bb title_text=\u00bblogofernangomez\u00bb align=\u00bbcenter\u00bb _builder_version=\u00bb4.12.0&#8243; _module_preset=\u00bbdefault\u00bb width=\u00bb130%\u00bb width_tablet=\u00bb100%\u00bb width_phone=\u00bb100%\u00bb width_last_edited=\u00bbon|tablet\u00bb global_colors_info=\u00bb{}\u00bb][\/et_pb_image][\/et_pb_column][et_pb_column type=\u00bb1_5&#8243; _builder_version=\u00bb4.12.0&#8243; _module_preset=\u00bbdefault\u00bb global_colors_info=\u00bb{}\u00bb][et_pb_image src=\u00bbhttps:\/\/www.caidosdelcielo.org\/ong\/wp-content\/uploads\/2021\/11\/3907-teatro-del-barrio-madrid.jpg\u00bb title_text=\u00bb3907-teatro-del-barrio-madrid\u00bb align=\u00bbcenter\u00bb _builder_version=\u00bb4.12.0&#8243; _module_preset=\u00bbdefault\u00bb global_colors_info=\u00bb{}\u00bb][\/et_pb_image][\/et_pb_column][et_pb_column type=\u00bb1_5&#8243; _builder_version=\u00bb4.12.0&#8243; _module_preset=\u00bbdefault\u00bb global_colors_info=\u00bb{}\u00bb][et_pb_image src=\u00bbhttps:\/\/www.caidosdelcielo.org\/ong\/wp-content\/uploads\/2021\/11\/logo-madferia.png\u00bb title_text=\u00bblogo madferia\u00bb _builder_version=\u00bb4.12.0&#8243; _module_preset=\u00bbdefault\u00bb global_colors_info=\u00bb{}\u00bb][\/et_pb_image][\/et_pb_column][\/et_pb_row][et_pb_row column_structure=\u00bb1_5,1_5,1_5,1_5,1_5&#8243; _builder_version=\u00bb4.12.0&#8243; _module_preset=\u00bbdefault\u00bb width_tablet=\u00bb60%\u00bb width_phone=\u00bb60%\u00bb width_last_edited=\u00bbon|tablet\u00bb global_colors_info=\u00bb{}\u00bb][et_pb_column type=\u00bb1_5&#8243; _builder_version=\u00bb4.12.0&#8243; _module_preset=\u00bbdefault\u00bb global_colors_info=\u00bb{}\u00bb][et_pb_image src=\u00bbhttps:\/\/www.caidosdelcielo.org\/ong\/wp-content\/uploads\/2021\/11\/LOGO_SGAE_ES_RGB_EXENTO_JPG-1.jpg\u00bb title_text=\u00bbLOGO_SGAE_ES_RGB_EXENTO_JPG (1)\u00bb _builder_version=\u00bb4.12.0&#8243; _module_preset=\u00bbdefault\u00bb global_colors_info=\u00bb{}\u00bb][\/et_pb_image][\/et_pb_column][et_pb_column type=\u00bb1_5&#8243; _builder_version=\u00bb4.12.0&#8243; _module_preset=\u00bbdefault\u00bb global_colors_info=\u00bb{}\u00bb][et_pb_image src=\u00bbhttps:\/\/www.caidosdelcielo.org\/ong\/wp-content\/uploads\/2021\/11\/BQ-logosimbolo-RGB-300&#215;300-1.jpg\u00bb title_text=\u00bbBQ-logo+simbolo-RGB-300&#215;300 (1)\u00bb _builder_version=\u00bb4.12.0&#8243; _module_preset=\u00bbdefault\u00bb width=\u00bb85%\u00bb global_colors_info=\u00bb{}\u00bb][\/et_pb_image][\/et_pb_column][et_pb_column type=\u00bb1_5&#8243; _builder_version=\u00bb4.12.0&#8243; _module_preset=\u00bbdefault\u00bb global_colors_info=\u00bb{}\u00bb][et_pb_image src=\u00bbhttps:\/\/www.caidosdelcielo.org\/ong\/wp-content\/uploads\/2021\/11\/logotrebol-281&#215;300-1.jpg\u00bb title_text=\u00bblogotrebol-281&#215;300 (1)\u00bb align=\u00bbcenter\u00bb _builder_version=\u00bb4.12.0&#8243; _module_preset=\u00bbdefault\u00bb width=\u00bb75%\u00bb global_colors_info=\u00bb{}\u00bb][\/et_pb_image][\/et_pb_column][et_pb_column type=\u00bb1_5&#8243; _builder_version=\u00bb4.12.0&#8243; _module_preset=\u00bbdefault\u00bb global_colors_info=\u00bb{}\u00bb][et_pb_image src=\u00bbhttps:\/\/www.caidosdelcielo.org\/ong\/wp-content\/uploads\/2021\/11\/el-muro-1.png\u00bb title_text=\u00bbel muro (1)\u00bb _builder_version=\u00bb4.12.0&#8243; _module_preset=\u00bbdefault\u00bb custom_padding=\u00bb30px||||false|false\u00bb global_colors_info=\u00bb{}\u00bb][\/et_pb_image][\/et_pb_column][et_pb_column type=\u00bb1_5&#8243; _builder_version=\u00bb4.12.0&#8243; _module_preset=\u00bbdefault\u00bb global_colors_info=\u00bb{}\u00bb][et_pb_image src=\u00bbhttps:\/\/www.caidosdelcielo.org\/ong\/wp-content\/uploads\/2022\/01\/PROVERSUS-imagotipo-para-fondos-claros.png\u00bb title_text=\u00bbPROVERSUS logotipo\u00bb _builder_version=\u00bb4.12.0&#8243; _module_preset=\u00bbdefault\u00bb width=\u00bb120%\u00bb width_tablet=\u00bb100%\u00bb width_phone=\u00bb100%\u00bb width_last_edited=\u00bbon|tablet\u00bb custom_padding=\u00bb45px||||false|false\u00bb global_colors_info=\u00bb{}\u00bb][\/et_pb_image][\/et_pb_column][\/et_pb_row][et_pb_row column_structure=\u00bb1_5,1_5,1_5,1_5,1_5&#8243; _builder_version=\u00bb4.12.0&#8243; _module_preset=\u00bbdefault\u00bb width_tablet=\u00bb60%\u00bb width_phone=\u00bb60%\u00bb width_last_edited=\u00bbon|tablet\u00bb global_colors_info=\u00bb{}\u00bb][et_pb_column type=\u00bb1_5&#8243; _builder_version=\u00bb4.12.0&#8243; _module_preset=\u00bbdefault\u00bb global_colors_info=\u00bb{}\u00bb][\/et_pb_column][et_pb_column type=\u00bb1_5&#8243; _builder_version=\u00bb4.12.0&#8243; _module_preset=\u00bbdefault\u00bb global_colors_info=\u00bb{}\u00bb][\/et_pb_column][et_pb_column type=\u00bb1_5&#8243; _builder_version=\u00bb4.12.0&#8243; _module_preset=\u00bbdefault\u00bb global_colors_info=\u00bb{}\u00bb][et_pb_image src=\u00bbhttps:\/\/www.caidosdelcielo.org\/ong\/wp-content\/uploads\/2022\/01\/descarga-4.jpg\u00bb title_text=\u00bbart for change\u00bb align=\u00bbcenter\u00bb _builder_version=\u00bb4.12.0&#8243; _module_preset=\u00bbdefault\u00bb width=\u00bb75%\u00bb hover_enabled=\u00bb0&#8243; global_colors_info=\u00bb{}\u00bb sticky_enabled=\u00bb0&#8243;][\/et_pb_image][\/et_pb_column][et_pb_column type=\u00bb1_5&#8243; _builder_version=\u00bb4.12.0&#8243; _module_preset=\u00bbdefault\u00bb global_colors_info=\u00bb{}\u00bb][\/et_pb_column][et_pb_column type=\u00bb1_5&#8243; _builder_version=\u00bb4.12.0&#8243; _module_preset=\u00bbdefault\u00bb global_colors_info=\u00bb{}\u00bb][\/et_pb_column][\/et_pb_row][\/et_pb_section]<\/p>\n","protected":false},"excerpt":{"rendered":"<p>Alianzas<\/p>\n","protected":false},"author":2,"featured_media":0,"parent":0,"menu_order":0,"comment_status":"closed","ping_status":"closed","template":"","meta":{"_et_pb_use_builder":"on","_et_pb_old_content":"<!-- wp:divi\/placeholder \/-->","_et_gb_content_width":"","footnotes":""},"class_list":["post-907","page","type-page","status-publish","hentry"],"yoast_head":"<!-- This site is optimized with the Yoast SEO plugin v24.0 - https:\/\/yoast.com\/wordpress\/plugins\/seo\/ -->\n<title>Alianzas | Ca\u00eddos del Cielo ONG<\/title>\n<meta name=\"description\" content=\"En Ca\u00eddos del Cielo contamos con muchos organismos y alianzas que conf\u00edan en nosotr@s.\" \/>\n<meta name=\"robots\" content=\"index, follow, max-snippet:-1, max-image-preview:large, max-video-preview:-1\" \/>\n<link rel=\"canonical\" href=\"https:\/\/www.caidosdelcielo.org\/ong\/alianzas\/\" \/>\n<meta property=\"og:locale\" content=\"es_ES\" \/>\n<meta property=\"og:type\" content=\"article\" \/>\n<meta property=\"og:title\" content=\"Alianzas | Ca\u00eddos del Cielo ONG\" \/>\n<meta property=\"og:description\" content=\"En Ca\u00eddos del Cielo contamos con muchos organismos y alianzas que conf\u00edan en nosotr@s.\" \/>\n<meta property=\"og:url\" content=\"https:\/\/www.caidosdelcielo.org\/ong\/alianzas\/\" \/>\n<meta property=\"og:site_name\" content=\"Ca\u00eddos del Cielo ONG\" \/>\n<meta property=\"article:publisher\" content=\"https:\/\/es-la.facebook.com\/caidosdelcielo.ong\/\" \/>\n<meta property=\"article:modified_time\" content=\"2022-02-01T18:05:50+00:00\" \/>\n<meta property=\"og:image\" content=\"https:\/\/www.caidosdelcielo.org\/ong\/wp-content\/uploads\/2021\/11\/Jhon-con-paloma-se-ve-a-paloma-2.jpg\" \/>\n\t<meta property=\"og:image:width\" content=\"696\" \/>\n\t<meta property=\"og:image:height\" content=\"404\" \/>\n\t<meta property=\"og:image:type\" content=\"image\/jpeg\" \/>\n<meta name=\"twitter:card\" content=\"summary_large_image\" \/>\n<meta name=\"twitter:site\" content=\"@caidoscieloong\" \/>\n<meta name=\"twitter:label1\" content=\"Tiempo de lectura\" \/>\n\t<meta name=\"twitter:data1\" content=\"2 minutos\" \/>\n<script type=\"application\/ld+json\" class=\"yoast-schema-graph\">{\"@context\":\"https:\/\/schema.org\",\"@graph\":[{\"@type\":\"WebPage\",\"@id\":\"https:\/\/www.caidosdelcielo.org\/ong\/alianzas\/\",\"url\":\"https:\/\/www.caidosdelcielo.org\/ong\/alianzas\/\",\"name\":\"Alianzas | Ca\u00eddos del Cielo ONG\",\"isPartOf\":{\"@id\":\"https:\/\/www.caidosdelcielo.org\/ong\/#website\"},\"datePublished\":\"2021-11-05T16:25:48+00:00\",\"dateModified\":\"2022-02-01T18:05:50+00:00\",\"description\":\"En Ca\u00eddos del Cielo contamos con muchos organismos y alianzas que conf\u00edan en nosotr@s.\",\"breadcrumb\":{\"@id\":\"https:\/\/www.caidosdelcielo.org\/ong\/alianzas\/#breadcrumb\"},\"inLanguage\":\"es\",\"potentialAction\":[{\"@type\":\"ReadAction\",\"target\":[\"https:\/\/www.caidosdelcielo.org\/ong\/alianzas\/\"]}]},{\"@type\":\"BreadcrumbList\",\"@id\":\"https:\/\/www.caidosdelcielo.org\/ong\/alianzas\/#breadcrumb\",\"itemListElement\":[{\"@type\":\"ListItem\",\"position\":1,\"name\":\"Portada\",\"item\":\"https:\/\/www.caidosdelcielo.org\/ong\/\"},{\"@type\":\"ListItem\",\"position\":2,\"name\":\"Alianzas\"}]},{\"@type\":\"WebSite\",\"@id\":\"https:\/\/www.caidosdelcielo.org\/ong\/#website\",\"url\":\"https:\/\/www.caidosdelcielo.org\/ong\/\",\"name\":\"Ca\u00eddos del Cielo ONG\",\"description\":\"Nuestro objetivo es hacer del teatro una herramienta para la transformaci\u00f3n social y personal, que contribuya a combatir las barreras que dificultan la inclusi\u00f3n e integraci\u00f3n.\",\"publisher\":{\"@id\":\"https:\/\/www.caidosdelcielo.org\/ong\/#organization\"},\"potentialAction\":[{\"@type\":\"SearchAction\",\"target\":{\"@type\":\"EntryPoint\",\"urlTemplate\":\"https:\/\/www.caidosdelcielo.org\/ong\/?s={search_term_string}\"},\"query-input\":{\"@type\":\"PropertyValueSpecification\",\"valueRequired\":true,\"valueName\":\"search_term_string\"}}],\"inLanguage\":\"es\"},{\"@type\":\"Organization\",\"@id\":\"https:\/\/www.caidosdelcielo.org\/ong\/#organization\",\"name\":\"Ca\u00eddos del Cielo\",\"url\":\"https:\/\/www.caidosdelcielo.org\/ong\/\",\"logo\":{\"@type\":\"ImageObject\",\"inLanguage\":\"es\",\"@id\":\"https:\/\/www.caidosdelcielo.org\/ong\/#\/schema\/logo\/image\/\",\"url\":\"https:\/\/www.caidosdelcielo.org\/ong\/wp-content\/uploads\/2021\/12\/Cai_dos-del-Cielo-21-04.png\",\"contentUrl\":\"https:\/\/www.caidosdelcielo.org\/ong\/wp-content\/uploads\/2021\/12\/Cai_dos-del-Cielo-21-04.png\",\"width\":2399,\"height\":1363,\"caption\":\"Ca\u00eddos del Cielo\"},\"image\":{\"@id\":\"https:\/\/www.caidosdelcielo.org\/ong\/#\/schema\/logo\/image\/\"},\"sameAs\":[\"https:\/\/es-la.facebook.com\/caidosdelcielo.ong\/\",\"https:\/\/x.com\/caidoscieloong\",\"https:\/\/www.instagram.com\/caidosdelcieloong\/?hl=es\"]}]}<\/script>\n<!-- \/ Yoast SEO plugin. -->","yoast_head_json":{"title":"Alianzas | Ca\u00eddos del Cielo ONG","description":"En Ca\u00eddos del Cielo contamos con muchos organismos y alianzas que conf\u00edan en nosotr@s.","robots":{"index":"index","follow":"follow","max-snippet":"max-snippet:-1","max-image-preview":"max-image-preview:large","max-video-preview":"max-video-preview:-1"},"canonical":"https:\/\/www.caidosdelcielo.org\/ong\/alianzas\/","og_locale":"es_ES","og_type":"article","og_title":"Alianzas | Ca\u00eddos del Cielo ONG","og_description":"En Ca\u00eddos del Cielo contamos con muchos organismos y alianzas que conf\u00edan en nosotr@s.","og_url":"https:\/\/www.caidosdelcielo.org\/ong\/alianzas\/","og_site_name":"Ca\u00eddos del Cielo ONG","article_publisher":"https:\/\/es-la.facebook.com\/caidosdelcielo.ong\/","article_modified_time":"2022-02-01T18:05:50+00:00","og_image":[{"width":696,"height":404,"url":"https:\/\/www.caidosdelcielo.org\/ong\/wp-content\/uploads\/2021\/11\/Jhon-con-paloma-se-ve-a-paloma-2.jpg","type":"image\/jpeg"}],"twitter_card":"summary_large_image","twitter_site":"@caidoscieloong","twitter_misc":{"Tiempo de lectura":"2 minutos"},"schema":{"@context":"https:\/\/schema.org","@graph":[{"@type":"WebPage","@id":"https:\/\/www.caidosdelcielo.org\/ong\/alianzas\/","url":"https:\/\/www.caidosdelcielo.org\/ong\/alianzas\/","name":"Alianzas | Ca\u00eddos del Cielo ONG","isPartOf":{"@id":"https:\/\/www.caidosdelcielo.org\/ong\/#website"},"datePublished":"2021-11-05T16:25:48+00:00","dateModified":"2022-02-01T18:05:50+00:00","description":"En Ca\u00eddos del Cielo contamos con muchos organismos y alianzas que conf\u00edan en nosotr@s.","breadcrumb":{"@id":"https:\/\/www.caidosdelcielo.org\/ong\/alianzas\/#breadcrumb"},"inLanguage":"es","potentialAction":[{"@type":"ReadAction","target":["https:\/\/www.caidosdelcielo.org\/ong\/alianzas\/"]}]},{"@type":"BreadcrumbList","@id":"https:\/\/www.caidosdelcielo.org\/ong\/alianzas\/#breadcrumb","itemListElement":[{"@type":"ListItem","position":1,"name":"Portada","item":"https:\/\/www.caidosdelcielo.org\/ong\/"},{"@type":"ListItem","position":2,"name":"Alianzas"}]},{"@type":"WebSite","@id":"https:\/\/www.caidosdelcielo.org\/ong\/#website","url":"https:\/\/www.caidosdelcielo.org\/ong\/","name":"Ca\u00eddos del Cielo ONG","description":"Nuestro objetivo es hacer del teatro una herramienta para la transformaci\u00f3n social y personal, que contribuya a combatir las barreras que dificultan la inclusi\u00f3n e integraci\u00f3n.","publisher":{"@id":"https:\/\/www.caidosdelcielo.org\/ong\/#organization"},"potentialAction":[{"@type":"SearchAction","target":{"@type":"EntryPoint","urlTemplate":"https:\/\/www.caidosdelcielo.org\/ong\/?s={search_term_string}"},"query-input":{"@type":"PropertyValueSpecification","valueRequired":true,"valueName":"search_term_string"}}],"inLanguage":"es"},{"@type":"Organization","@id":"https:\/\/www.caidosdelcielo.org\/ong\/#organization","name":"Ca\u00eddos del Cielo","url":"https:\/\/www.caidosdelcielo.org\/ong\/","logo":{"@type":"ImageObject","inLanguage":"es","@id":"https:\/\/www.caidosdelcielo.org\/ong\/#\/schema\/logo\/image\/","url":"https:\/\/www.caidosdelcielo.org\/ong\/wp-content\/uploads\/2021\/12\/Cai_dos-del-Cielo-21-04.png","contentUrl":"https:\/\/www.caidosdelcielo.org\/ong\/wp-content\/uploads\/2021\/12\/Cai_dos-del-Cielo-21-04.png","width":2399,"height":1363,"caption":"Ca\u00eddos del Cielo"},"image":{"@id":"https:\/\/www.caidosdelcielo.org\/ong\/#\/schema\/logo\/image\/"},"sameAs":["https:\/\/es-la.facebook.com\/caidosdelcielo.ong\/","https:\/\/x.com\/caidoscieloong","https:\/\/www.instagram.com\/caidosdelcieloong\/?hl=es"]}]}},"_links":{"self":[{"href":"https:\/\/www.caidosdelcielo.org\/ong\/wp-json\/wp\/v2\/pages\/907","targetHints":{"allow":["GET"]}}],"collection":[{"href":"https:\/\/www.caidosdelcielo.org\/ong\/wp-json\/wp\/v2\/pages"}],"about":[{"href":"https:\/\/www.caidosdelcielo.org\/ong\/wp-json\/wp\/v2\/types\/page"}],"author":[{"embeddable":true,"href":"https:\/\/www.caidosdelcielo.org\/ong\/wp-json\/wp\/v2\/users\/2"}],"replies":[{"embeddable":true,"href":"https:\/\/www.caidosdelcielo.org\/ong\/wp-json\/wp\/v2\/comments?post=907"}],"version-history":[{"count":10,"href":"https:\/\/www.caidosdelcielo.org\/ong\/wp-json\/wp\/v2\/pages\/907\/revisions"}],"predecessor-version":[{"id":1722,"href":"https:\/\/www.caidosdelcielo.org\/ong\/wp-json\/wp\/v2\/pages\/907\/revisions\/1722"}],"wp:attachment":[{"href":"https:\/\/www.caidosdelcielo.org\/ong\/wp-json\/wp\/v2\/media?parent=907"}],"curies":[{"name":"wp","href":"https:\/\/api.w.org\/{rel}","templated":true}]}}